{"id":1604,"date":"2025-10-11T08:34:47","date_gmt":"2025-10-11T08:34:47","guid":{"rendered":"https:\/\/inox-vertrieb.de\/?post_type=product&#038;p=1604"},"modified":"2025-10-21T11:13:05","modified_gmt":"2025-10-21T11:13:05","slug":"teppich-polsterreiniger-konzentrat","status":"publish","type":"product","link":"https:\/\/inox-vertrieb.de\/en\/product\/teppich-polsterreiniger-konzentrat\/","title":{"rendered":"Teppich- &#038; Polsterreiniger Konzentrat"},"content":{"rendered":"<p data-start=\"349\" data-end=\"827\">Der <strong data-start=\"353\" data-end=\"400\">INOX\u00ae Polster- &amp; Teppichreiniger Konzentrat<\/strong> ist ein hochwirksames Spezialmittel f\u00fcr die gr\u00fcndliche Reinigung von Polstern, Teppichen, Sitzbez\u00fcgen und Textilien. Dank seiner kraftvollen Formel entfernt er selbst hartn\u00e4ckige Verschmutzungen tiefenwirksam aus den Fasern und frischt Farben sichtbar auf. Ob \u00d6l, Fett, Nikotinr\u00fcckst\u00e4nde, Kaffee, Saft oder andere Flecken \u2013 der Reiniger l\u00f6st zuverl\u00e4ssig selbst schwierigste Verunreinigungen und sorgt f\u00fcr dauerhafte Frische.<\/p>\n<p data-start=\"829\" data-end=\"984\"><strong data-start=\"829\" data-end=\"982\">Dank seiner aktiven Reinigungssubstanzen beseitigt der Reiniger Ger\u00fcche und hinterl\u00e4sst einen angenehmen Citrus-Duft, der f\u00fcr sp\u00fcrbare Frische sorgt.<\/strong><\/p>\n<p><strong>\u2713<\/strong> Entfernt selbst hartn\u00e4ckige Flecken und R\u00fcckst\u00e4nde<br \/>\n<strong>\u2713<\/strong> Frischt Farben auf und beseitigt unangenehme Ger\u00fcche<br \/>\n<strong>\u2713<\/strong> Schonend zu Fasern und Materialien<br \/>\n<strong>\u2713<\/strong> Hinterl\u00e4sst angenehmen Citrus-Duft<br \/>\n<strong>\u2713<\/strong> Made in Germany<\/p>\n<p data-start=\"1083\" data-end=\"1218\"><strong data-start=\"1083\" data-end=\"1095\">Achtung:<\/strong> Darf nicht in die H\u00e4nde von Kindern gelangen. Augenkontakt vermeiden. Bei Augenkontakt sofort gr\u00fcndlich mit Wasser sp\u00fclen.<\/p>","protected":false},"excerpt":{"rendered":"<p>Der INOX\u00ae Polster- &amp; Teppichreiniger Konzentrat ist ein hochwirksames Spezialmittel f\u00fcr die gr\u00fcndliche Reinigung von Polstern, Teppichen, Sitzbez\u00fcgen und Textilien. Dank seiner kraftvollen Formel entfernt er selbst hartn\u00e4ckige Verschmutzungen tiefenwirksam aus den Fasern und frischt Farben sichtbar auf. Ob \u00d6l, Fett, Nikotinr\u00fcckst\u00e4nde, Kaffee, Saft oder andere Flecken \u2013 der Reiniger l\u00f6st zuverl\u00e4ssig selbst schwierigste Verunreinigungen [&hellip;]<\/p>","protected":false},"featured_media":1612,"comment_status":"open","ping_status":"closed","template":"","meta":[],"product_brand":[],"product_cat":[34],"product_tag":[],"class_list":{"0":"post-1604","1":"product","2":"type-product","3":"status-publish","4":"has-post-thumbnail","6":"product_cat-technische-reiniger","8":"first","9":"instock","10":"shipping-taxable","11":"product-type-simple"},"_links":{"self":[{"href":"https:\/\/inox-vertrieb.de\/en\/wp-json\/wp\/v2\/product\/1604","targetHints":{"allow":["GET"]}}],"collection":[{"href":"https:\/\/inox-vertrieb.de\/en\/wp-json\/wp\/v2\/product"}],"about":[{"href":"https:\/\/inox-vertrieb.de\/en\/wp-json\/wp\/v2\/types\/product"}],"replies":[{"embeddable":true,"href":"https:\/\/inox-vertrieb.de\/en\/wp-json\/wp\/v2\/comments?post=1604"}],"wp:featuredmedia":[{"embeddable":true,"href":"https:\/\/inox-vertrieb.de\/en\/wp-json\/wp\/v2\/media\/1612"}],"wp:attachment":[{"href":"https:\/\/inox-vertrieb.de\/en\/wp-json\/wp\/v2\/media?parent=1604"}],"wp:term":[{"taxonomy":"product_brand","embeddable":true,"href":"https:\/\/inox-vertrieb.de\/en\/wp-json\/wp\/v2\/product_brand?post=1604"},{"taxonomy":"product_cat","embeddable":true,"href":"https:\/\/inox-vertrieb.de\/en\/wp-json\/wp\/v2\/product_cat?post=1604"},{"taxonomy":"product_tag","embeddable":true,"href":"https:\/\/inox-vertrieb.de\/en\/wp-json\/wp\/v2\/product_tag?post=1604"}],"curies":[{"name":"wp","href":"https:\/\/api.w.org\/{rel}","templated":true}]}}