{"id":1454,"date":"2025-09-02T07:56:57","date_gmt":"2025-09-02T07:56:57","guid":{"rendered":"https:\/\/inox-vertrieb.de\/?post_type=product&#038;p=1454"},"modified":"2025-09-02T07:56:57","modified_gmt":"2025-09-02T07:56:57","slug":"anti-giardien-wischkonzentrat","status":"publish","type":"product","link":"https:\/\/inox-vertrieb.de\/en\/product\/anti-giardien-wischkonzentrat\/","title":{"rendered":"Anti Giardien-Wischkonzentrat"},"content":{"rendered":"<p>Schaffen Sie ein hygienisch sauberes Umfeld f\u00fcr sich und Ihre Haustiere. Unser Anti-Giardien-Wischkonzentrat ist speziell entwickelt, um Giardien und andere sch\u00e4dliche Mikroorganismen in Ihrem Haushalt zuverl\u00e4ssig zu bek\u00e4mpfen. Es eignet sich ideal f\u00fcr den Einsatz in Haushalten mit Haustieren, insbesondere bei Verdacht auf Giardienbefall.<\/p>\n<p><strong>Das INOX\u00ae Anti Giardien-Wischkonzentrat entfernt\u00a0effektiv Bakterien, Viren und Pilze\u00a0<\/strong> und Verhindert die Verbreitung von Parasiten und sorgt f\u00fcr einen frischen, sauberen Haushalt.<strong>\u00a0Nicht f\u00fcr die direkte Anwendung auf Tieren geeignet<\/strong><\/p>\n<p><strong>Hergestellt in Deutschland<\/strong>, steht unser Produkt f\u00fcr h\u00f6chste Qualit\u00e4t.<\/p>\n<p><strong>\u2713<\/strong> <strong>Starke Wirkung:<\/strong> Entfernt zuverl\u00e4ssig Bakterien, Viren &amp; Pilze.<br \/>\n<strong>\u2713<\/strong> <strong>Hygienische Sauberkeit:<\/strong> Verhindert die Verbreitung von Parasiten &amp; sorgt f\u00fcr einen frischen Haushalt.<br \/>\n<strong>\u2713<\/strong> <strong>Schont Oberfl\u00e4chen:<\/strong> Geeignet f\u00fcr B\u00f6den, Fliesen, K\u00e4fige &amp; andere abwischbare Fl\u00e4chen.<br \/>\n<strong>\u2713<\/strong> <strong>Tierfreundlich:<\/strong> Perfekt f\u00fcr Haushalte mit Hunden, Katzen &amp; Kleintieren.<br \/>\n<strong>\u2713<\/strong> <strong>Made in Germany:<\/strong> H\u00f6chste Qualit\u00e4t &amp; Wirksamkeit.<\/p>","protected":false},"excerpt":{"rendered":"<p>Schaffen Sie ein hygienisch sauberes Umfeld f\u00fcr sich und Ihre Haustiere. Unser Anti-Giardien-Wischkonzentrat ist speziell entwickelt, um Giardien und andere sch\u00e4dliche Mikroorganismen in Ihrem Haushalt zuverl\u00e4ssig zu bek\u00e4mpfen. Es eignet sich ideal f\u00fcr den Einsatz in Haushalten mit Haustieren, insbesondere bei Verdacht auf Giardienbefall. Das INOX\u00ae Anti Giardien-Wischkonzentrat entfernt\u00a0effektiv Bakterien, Viren und Pilze\u00a0 und Verhindert [&hellip;]<\/p>","protected":false},"featured_media":1461,"comment_status":"open","ping_status":"closed","template":"","meta":[],"product_brand":[],"product_cat":[21],"product_tag":[],"class_list":{"0":"post-1454","1":"product","2":"type-product","3":"status-publish","4":"has-post-thumbnail","6":"product_cat-desinfektion","8":"first","9":"instock","10":"shipping-taxable","11":"product-type-simple"},"_links":{"self":[{"href":"https:\/\/inox-vertrieb.de\/en\/wp-json\/wp\/v2\/product\/1454","targetHints":{"allow":["GET"]}}],"collection":[{"href":"https:\/\/inox-vertrieb.de\/en\/wp-json\/wp\/v2\/product"}],"about":[{"href":"https:\/\/inox-vertrieb.de\/en\/wp-json\/wp\/v2\/types\/product"}],"replies":[{"embeddable":true,"href":"https:\/\/inox-vertrieb.de\/en\/wp-json\/wp\/v2\/comments?post=1454"}],"wp:featuredmedia":[{"embeddable":true,"href":"https:\/\/inox-vertrieb.de\/en\/wp-json\/wp\/v2\/media\/1461"}],"wp:attachment":[{"href":"https:\/\/inox-vertrieb.de\/en\/wp-json\/wp\/v2\/media?parent=1454"}],"wp:term":[{"taxonomy":"product_brand","embeddable":true,"href":"https:\/\/inox-vertrieb.de\/en\/wp-json\/wp\/v2\/product_brand?post=1454"},{"taxonomy":"product_cat","embeddable":true,"href":"https:\/\/inox-vertrieb.de\/en\/wp-json\/wp\/v2\/product_cat?post=1454"},{"taxonomy":"product_tag","embeddable":true,"href":"https:\/\/inox-vertrieb.de\/en\/wp-json\/wp\/v2\/product_tag?post=1454"}],"curies":[{"name":"wp","href":"https:\/\/api.w.org\/{rel}","templated":true}]}}