{"id":1333,"date":"2025-08-24T18:49:24","date_gmt":"2025-08-24T18:49:24","guid":{"rendered":"https:\/\/inox-vertrieb.de\/?post_type=product&#038;p=1333"},"modified":"2025-08-24T18:49:24","modified_gmt":"2025-08-24T18:49:24","slug":"teichpflege-brunnenreiniger","status":"publish","type":"product","link":"https:\/\/inox-vertrieb.de\/en\/product\/teichpflege-brunnenreiniger\/","title":{"rendered":"Teichpflege &#038; Brunnenreiniger"},"content":{"rendered":"<p>Der <strong>INOX\u00ae Teichklar Teichpflege &amp; Brunnenreiniger<\/strong> wirkt effektiv gegen die h\u00e4ufigsten Arten von Algen und ist dabei v\u00f6llig unbedenklich f\u00fcr Fische und Pflanzen. <strong>Unser Teichreiniger bek\u00e4mpft Algen natur-schonend und sorgt f\u00fcr kristallklares Wasser<\/strong>.<\/p>\n<p>Bei regelm\u00e4\u00dfiger Anwendung verhindert er die Neubildung von Algen und sorgt f\u00fcr ein langfristiges Gleichgewicht im Wasser.<\/p>\n<p>\u2713 <strong>Universal Algenentferner:<\/strong> Bek\u00e4mpft Fadenalgen, Schwebealgen, Gr\u00fcnalgen, Kalk &amp; Bakterien.<br \/>\n\u2713 <strong>Fisch- &amp; Pflanzenfreund:<\/strong> Absolut unbedenklich f\u00fcr Fische &amp; Wasserpflanzen.<br \/>\n\u2713 <strong>Kristallklares Wasser:<\/strong> Bek\u00e4mpft gr\u00fcnes Wasser im Gartenteich.<br \/>\n\u2713 <strong>Kinderleicht anwendbar:<\/strong> 50 ml pro 1000 Liter Teichwasser reichen aus<br \/>\n\u2713 <strong>Schnell &amp; langfristig:<\/strong> Ohne die Natur zu belasten.<\/p>\n<div class=\"a-section a-spacing-mini\"><img decoding=\"async\" src=\"https:\/\/m.media-amazon.com\/images\/I\/41LBEV3R9FL.png\" alt=\"Kann bei Verschlucken und Eindringen in die Atemwege t\u00f6dlich sein.\" width=\"44\" height=\"44\" \/><\/div>\n<div class=\"a-section a-spacing-none\"><strong><span class=\"a-size-base a-color-base\">Gefahr: <\/span><\/strong>Kann bei Verschlucken und Eindringen in die Atemwege t\u00f6dlich sein.<\/div>","protected":false},"excerpt":{"rendered":"<p>Der INOX\u00ae Teichklar Teichpflege &amp; Brunnenreiniger wirkt effektiv gegen die h\u00e4ufigsten Arten von Algen und ist dabei v\u00f6llig unbedenklich f\u00fcr Fische und Pflanzen. Unser Teichreiniger bek\u00e4mpft Algen natur-schonend und sorgt f\u00fcr kristallklares Wasser. Bei regelm\u00e4\u00dfiger Anwendung verhindert er die Neubildung von Algen und sorgt f\u00fcr ein langfristiges Gleichgewicht im Wasser. \u2713 Universal Algenentferner: Bek\u00e4mpft Fadenalgen, [&hellip;]<\/p>","protected":false},"featured_media":1336,"comment_status":"open","ping_status":"closed","template":"","meta":[],"product_brand":[],"product_cat":[36],"product_tag":[],"class_list":{"0":"post-1333","1":"product","2":"type-product","3":"status-publish","4":"has-post-thumbnail","6":"product_cat-poolpflege","8":"first","9":"instock","10":"shipping-taxable","11":"product-type-simple"},"_links":{"self":[{"href":"https:\/\/inox-vertrieb.de\/en\/wp-json\/wp\/v2\/product\/1333","targetHints":{"allow":["GET"]}}],"collection":[{"href":"https:\/\/inox-vertrieb.de\/en\/wp-json\/wp\/v2\/product"}],"about":[{"href":"https:\/\/inox-vertrieb.de\/en\/wp-json\/wp\/v2\/types\/product"}],"replies":[{"embeddable":true,"href":"https:\/\/inox-vertrieb.de\/en\/wp-json\/wp\/v2\/comments?post=1333"}],"wp:featuredmedia":[{"embeddable":true,"href":"https:\/\/inox-vertrieb.de\/en\/wp-json\/wp\/v2\/media\/1336"}],"wp:attachment":[{"href":"https:\/\/inox-vertrieb.de\/en\/wp-json\/wp\/v2\/media?parent=1333"}],"wp:term":[{"taxonomy":"product_brand","embeddable":true,"href":"https:\/\/inox-vertrieb.de\/en\/wp-json\/wp\/v2\/product_brand?post=1333"},{"taxonomy":"product_cat","embeddable":true,"href":"https:\/\/inox-vertrieb.de\/en\/wp-json\/wp\/v2\/product_cat?post=1333"},{"taxonomy":"product_tag","embeddable":true,"href":"https:\/\/inox-vertrieb.de\/en\/wp-json\/wp\/v2\/product_tag?post=1333"}],"curies":[{"name":"wp","href":"https:\/\/api.w.org\/{rel}","templated":true}]}}