{"id":1316,"date":"2025-08-24T12:15:54","date_gmt":"2025-08-24T12:15:54","guid":{"rendered":"https:\/\/inox-vertrieb.de\/?post_type=product&#038;p=1316"},"modified":"2025-08-25T09:00:57","modified_gmt":"2025-08-25T09:00:57","slug":"adblue-additiv-anti-kristall-protect","status":"publish","type":"product","link":"https:\/\/inox-vertrieb.de\/en\/product\/adblue-additiv-anti-kristall-protect\/","title":{"rendered":"AdBlue Additiv Anti Kristall &#038; Protect"},"content":{"rendered":"<p>Das <strong>INOX\u00ae SRC Anti Kristall &amp; Protect AdBlue Additiv<\/strong> ist ein effektives Additiv zur Verhinderung von Kristallbildung im SRC-System von Dieselmotoren. Es reinigt das AdBlue\u00ae-System gr\u00fcndlich und sch\u00fctzt es vor Ablagerungen und Verunreinigungen.<\/p>\n<p>Dieses Additiv sorgt f\u00fcr eine feine Zerst\u00e4ubung der Harnstoffl\u00f6sung und optimiert den R\u00fccklauf des AdBlue\u00ae im System, wodurch das Risiko der AdBlue\u00ae-Kristallisation minimiert wird.<\/p>\n<p>\u2713 <strong>Reinigung &amp; Vorbeugung<\/strong>: Verhindert Kristallbildung und reinigt das SRC-System effektiv.<br \/>\n\u2713 <strong>Kompatibel<\/strong>: Geeignet f\u00fcr alle Dieselmotoren mit SRC-Katalysator.<br \/>\n\u2713 <strong>Reduziert Emissionen<\/strong>: Verringert sch\u00e4dliche Stickoxide und Schadstoffe.<br \/>\n\u2713 <strong>100% Made in Germany<\/strong>: Produziert nach h\u00f6chsten Qualit\u00e4tsstandards.<\/p>\n<p>&nbsp;<\/p>\n<div class=\"a-section a-spacing-mini\"><img decoding=\"async\" src=\"https:\/\/m.media-amazon.com\/images\/I\/41uFa7fEHGL.png\" alt=\"Verursacht schwere Augensch\u00e4den.\" width=\"44\" height=\"44\" \/><\/div>\n<div class=\"a-section a-spacing-none\"><strong><span class=\"a-size-base a-color-base\">Gefahr: <\/span><\/strong>Verursacht schwere Augensch\u00e4den.<\/div>","protected":false},"excerpt":{"rendered":"<p>Das INOX\u00ae SRC Anti Kristall &amp; Protect AdBlue Additiv ist ein effektives Additiv zur Verhinderung von Kristallbildung im SRC-System von Dieselmotoren. Es reinigt das AdBlue\u00ae-System gr\u00fcndlich und sch\u00fctzt es vor Ablagerungen und Verunreinigungen. Dieses Additiv sorgt f\u00fcr eine feine Zerst\u00e4ubung der Harnstoffl\u00f6sung und optimiert den R\u00fccklauf des AdBlue\u00ae im System, wodurch das Risiko der AdBlue\u00ae-Kristallisation [&hellip;]<\/p>","protected":false},"featured_media":1318,"comment_status":"open","ping_status":"closed","template":"","meta":[],"product_brand":[],"product_cat":[22,30],"product_tag":[],"class_list":{"0":"post-1316","1":"product","2":"type-product","3":"status-publish","4":"has-post-thumbnail","6":"product_cat-additive","7":"product_cat-additive-dieselsysteme","9":"first","10":"instock","11":"shipping-taxable","12":"product-type-simple"},"_links":{"self":[{"href":"https:\/\/inox-vertrieb.de\/en\/wp-json\/wp\/v2\/product\/1316","targetHints":{"allow":["GET"]}}],"collection":[{"href":"https:\/\/inox-vertrieb.de\/en\/wp-json\/wp\/v2\/product"}],"about":[{"href":"https:\/\/inox-vertrieb.de\/en\/wp-json\/wp\/v2\/types\/product"}],"replies":[{"embeddable":true,"href":"https:\/\/inox-vertrieb.de\/en\/wp-json\/wp\/v2\/comments?post=1316"}],"wp:featuredmedia":[{"embeddable":true,"href":"https:\/\/inox-vertrieb.de\/en\/wp-json\/wp\/v2\/media\/1318"}],"wp:attachment":[{"href":"https:\/\/inox-vertrieb.de\/en\/wp-json\/wp\/v2\/media?parent=1316"}],"wp:term":[{"taxonomy":"product_brand","embeddable":true,"href":"https:\/\/inox-vertrieb.de\/en\/wp-json\/wp\/v2\/product_brand?post=1316"},{"taxonomy":"product_cat","embeddable":true,"href":"https:\/\/inox-vertrieb.de\/en\/wp-json\/wp\/v2\/product_cat?post=1316"},{"taxonomy":"product_tag","embeddable":true,"href":"https:\/\/inox-vertrieb.de\/en\/wp-json\/wp\/v2\/product_tag?post=1316"}],"curies":[{"name":"wp","href":"https:\/\/api.w.org\/{rel}","templated":true}]}}