{"id":1305,"date":"2025-08-24T11:55:59","date_gmt":"2025-08-24T11:55:59","guid":{"rendered":"https:\/\/inox-vertrieb.de\/?post_type=product&#038;p=1305"},"modified":"2025-09-05T12:14:20","modified_gmt":"2025-09-05T12:14:20","slug":"wischroboter-reiniger-konzentrat","status":"publish","type":"product","link":"https:\/\/inox-vertrieb.de\/en\/product\/wischroboter-reiniger-konzentrat\/","title":{"rendered":"Wischroboter Reiniger Konzentrat"},"content":{"rendered":"<p>Das <strong data-start=\"280\" data-end=\"312\">INOX\u00ae FloorActive Konzentrat<\/strong> ist ein effektiver &amp; schonender Reiniger speziell f\u00fcr Wisch- und Saugroboter. Er entfernt zuverl\u00e4ssig Staub, Alltagsschmutz und leichte Verunreinigungen \u2013 ganz ohne R\u00fcckst\u00e4nde oder l\u00e4stige Schlieren \u2013 und hinterl\u00e4sst einen angenehmen, frischen Duft. Die sorgf\u00e4ltig abgestimmte Formel eignet sich f\u00fcr alle g\u00e4ngigen Bodenarten und Ger\u00e4te.<\/p>\n<p>\u2713 <strong>Effiziente Bodenreinigung:<\/strong> Entfernt Staub, Schmutz &amp; Verschmutzungen zuverl\u00e4ssig.<br \/>\n\u2713 <strong>Kompatibel mit Saug- &amp; Wischrobotern:<\/strong> Funktioniert mit Marken vielen Marken<br \/>\n\u2713 <strong>Konzentriert &amp; sparsam:<\/strong> Schon 5\u201310\u202fml auf 200\u202fml Wasser im Wassertank gen\u00fcgt<br \/>\n\u2713 <strong>Fresh-Sense Duftformel:<\/strong> Sorgt f\u00fcr frische Raumatmosph\u00e4re ohne Chemiegeruch.<br \/>\n\u2713 <strong>F\u00fcr alle B\u00f6den geeignet:<\/strong> Sanft zu Fliesen, Laminat, Vinyl und versiegeltem Parkett.<\/p>","protected":false},"excerpt":{"rendered":"<p>Das INOX\u00ae FloorActive Konzentrat ist ein effektiver &amp; schonender Reiniger speziell f\u00fcr Wisch- und Saugroboter. Er entfernt zuverl\u00e4ssig Staub, Alltagsschmutz und leichte Verunreinigungen \u2013 ganz ohne R\u00fcckst\u00e4nde oder l\u00e4stige Schlieren \u2013 und hinterl\u00e4sst einen angenehmen, frischen Duft. Die sorgf\u00e4ltig abgestimmte Formel eignet sich f\u00fcr alle g\u00e4ngigen Bodenarten und Ger\u00e4te. \u2713 Effiziente Bodenreinigung: Entfernt Staub, Schmutz [&hellip;]<\/p>","protected":false},"featured_media":1545,"comment_status":"open","ping_status":"closed","template":"","meta":[],"product_brand":[],"product_cat":[34],"product_tag":[],"class_list":{"0":"post-1305","1":"product","2":"type-product","3":"status-publish","4":"has-post-thumbnail","6":"product_cat-technische-reiniger","8":"first","9":"instock","10":"shipping-taxable","11":"product-type-simple"},"_links":{"self":[{"href":"https:\/\/inox-vertrieb.de\/en\/wp-json\/wp\/v2\/product\/1305","targetHints":{"allow":["GET"]}}],"collection":[{"href":"https:\/\/inox-vertrieb.de\/en\/wp-json\/wp\/v2\/product"}],"about":[{"href":"https:\/\/inox-vertrieb.de\/en\/wp-json\/wp\/v2\/types\/product"}],"replies":[{"embeddable":true,"href":"https:\/\/inox-vertrieb.de\/en\/wp-json\/wp\/v2\/comments?post=1305"}],"wp:featuredmedia":[{"embeddable":true,"href":"https:\/\/inox-vertrieb.de\/en\/wp-json\/wp\/v2\/media\/1545"}],"wp:attachment":[{"href":"https:\/\/inox-vertrieb.de\/en\/wp-json\/wp\/v2\/media?parent=1305"}],"wp:term":[{"taxonomy":"product_brand","embeddable":true,"href":"https:\/\/inox-vertrieb.de\/en\/wp-json\/wp\/v2\/product_brand?post=1305"},{"taxonomy":"product_cat","embeddable":true,"href":"https:\/\/inox-vertrieb.de\/en\/wp-json\/wp\/v2\/product_cat?post=1305"},{"taxonomy":"product_tag","embeddable":true,"href":"https:\/\/inox-vertrieb.de\/en\/wp-json\/wp\/v2\/product_tag?post=1305"}],"curies":[{"name":"wp","href":"https:\/\/api.w.org\/{rel}","templated":true}]}}