{"id":1170,"date":"2025-07-14T15:02:24","date_gmt":"2025-07-14T15:02:24","guid":{"rendered":"https:\/\/pakhelper.com\/inox\/?post_type=product&#038;p=1170"},"modified":"2025-07-15T15:12:26","modified_gmt":"2025-07-15T15:12:26","slug":"inox-rm-36-g48","status":"publish","type":"product","link":"https:\/\/inox-vertrieb.de\/en\/product\/inox-rm-36-g48\/","title":{"rendered":"INOX RM -36 G48"},"content":{"rendered":"<p data-start=\"74\" data-end=\"101\"><strong data-start=\"74\" data-end=\"101\">INOX COOLANT RM -36 G48<\/strong><\/p>\n<p data-start=\"103\" data-end=\"735\"><strong data-start=\"103\" data-end=\"120\">EIGENSCHAFTEN<\/strong><br data-start=\"120\" data-end=\"123\" \/>INOX COOLANT RM -36 G48 ist ein hochwertiges Hybrid-K\u00fchlmittel auf Basis von Ethylenglykol. Es ist frei von Nitriten, Aminen und Phosphaten und kombiniert Inhibitoren aus der Karboxyls\u00e4ure-Technologie mit Silikaten und Boraten. Diese Formel sorgt f\u00fcr langanhaltenden Korrosions- und Kavitationsschutz sowie eine verl\u00e4ngerte Lebensdauer des K\u00fchlmittels. Zus\u00e4tzliche Additive verhindern Schaumbildung, Ablagerungen und gew\u00e4hrleisten einen erh\u00f6hten Siedepunkt f\u00fcr optimalen Frost- und \u00dcberhitzungsschutz \u2013 ganzj\u00e4hrig und wartungsfrei. Das Produkt ist materialvertr\u00e4glich mit Schl\u00e4uchen und Dichtungen im K\u00fchlsystem.<\/p>\n<p data-start=\"737\" data-end=\"1238\"><strong data-start=\"737\" data-end=\"756\">EINSATZHINWEISE<\/strong><br data-start=\"756\" data-end=\"759\" \/>Gemischt mit destilliertem Wasser dient INOX COOLANT RM -36 G48 als K\u00fchl- und W\u00e4rme\u00fcbertragungsfl\u00fcssigkeit in Verbrennungsmotoren \u2013 unabh\u00e4ngig von der Materialzusammensetzung (Gusseisen, Aluminium oder Mischbauweise) sowie in K\u00fchlsystemen mit Aluminium- oder Kupferlegierungen.<br data-start=\"1036\" data-end=\"1039\" \/><strong data-start=\"1039\" data-end=\"1075\">Empfohlene Einsatzkonzentration:<\/strong> 50 Vol.%<br data-start=\"1084\" data-end=\"1087\" \/><strong data-start=\"1087\" data-end=\"1112\">Mindestkonzentration:<\/strong> 33 Vol.%<br data-start=\"1121\" data-end=\"1124\" \/><strong data-start=\"1124\" data-end=\"1136\">Hinweis:<\/strong> Nicht mit anderen K\u00fchlmitteln oder Produkten anderer Hersteller mischen. Herstellervorgaben beachten.<\/p>\n<p data-start=\"1240\" data-end=\"1470\"><strong data-start=\"1240\" data-end=\"1280\">LEISTUNGSSTANDARDS \/ SPEZIFIKATIONEN<\/strong><br data-start=\"1280\" data-end=\"1283\" \/>\u2022 AS 2108-2004<br data-start=\"1297\" data-end=\"1300\" \/>\u2022 ASTM D 3306, 4985<br data-start=\"1319\" data-end=\"1322\" \/>\u2022 BS 6580:2010<br data-start=\"1336\" data-end=\"1339\" \/>\u2022 CUNA NC 956-16<br data-start=\"1355\" data-end=\"1358\" \/>\u2022 AFNOR NFR 15-601<br data-start=\"1376\" data-end=\"1379\" \/>\u2022 JIS K 2234:2006<br data-start=\"1396\" data-end=\"1399\" \/>\u2022 SAE J1034<br data-start=\"1410\" data-end=\"1413\" \/>\u2022 \u00d6NORM V 5123<br data-start=\"1427\" data-end=\"1430\" \/>\u2022 SANS 1251:2005<br data-start=\"1446\" data-end=\"1449\" \/>\u2022 China GB 29743-2013<\/p>\n<p data-start=\"1472\" data-end=\"2098\"><strong data-start=\"1472\" data-end=\"1498\">HERSTELLEREMPFEHLUNGEN<\/strong><br data-start=\"1498\" data-end=\"1501\" \/>\u2022 2G<br data-start=\"1505\" data-end=\"1508\" \/>\u2022 BMW LC-87<br data-start=\"1519\" data-end=\"1522\" \/>\u2022 Deutz-Fahr (vor 03\/2017)<br data-start=\"1548\" data-end=\"1551\" \/>\u2022 Deutz DQC CA-14<br data-start=\"1568\" data-end=\"1571\" \/>\u2022 Eicher Engines (TMTL Part No. 93183798)<br data-start=\"1612\" data-end=\"1615\" \/>\u2022 Fendt<br data-start=\"1622\" data-end=\"1625\" \/>\u2022 H\u00fcrlimann (vor 03\/2017)<br data-start=\"1650\" data-end=\"1653\" \/>\u2022 Jenbacher (TA-Nr. 1000-0201)<br data-start=\"1683\" data-end=\"1686\" \/>\u2022 Lamborghini Tractors (vor 03\/2017)<br data-start=\"1722\" data-end=\"1725\" \/>\u2022 Liebherr (mind. LH-00-COL3A)<br data-start=\"1755\" data-end=\"1758\" \/>\u2022 MAN Energy Solutions (Liste 3.3.7)<br data-start=\"1794\" data-end=\"1797\" \/>\u2022 MAN 324 Typ NF<br data-start=\"1813\" data-end=\"1816\" \/>\u2022 MB-Freigabe 325.0 \/ 326.0<br data-start=\"1843\" data-end=\"1846\" \/>\u2022 Mitsubishi Carisma (1996\u20132004)<br data-start=\"1878\" data-end=\"1881\" \/>\u2022 Mitsubishi Colt (2004\u20132007)<br data-start=\"1910\" data-end=\"1913\" \/>\u2022 MTU MTL 5048<br data-start=\"1927\" data-end=\"1930\" \/>\u2022 MWM (TR 2091)<br data-start=\"1945\" data-end=\"1948\" \/>\u2022 Opel GM B 040 0240<br data-start=\"1968\" data-end=\"1971\" \/>\u2022 Porsche (vor 1995)<br data-start=\"1991\" data-end=\"1994\" \/>\u2022 Saab (690 1599)<br data-start=\"2011\" data-end=\"2014\" \/>\u2022 Same (vor 03\/2017)<br data-start=\"2034\" data-end=\"2037\" \/>\u2022 Tesla (ab 2013)<br data-start=\"2054\" data-end=\"2057\" \/>\u2022 Volvo Trucks (vor 2005)<br data-start=\"2082\" data-end=\"2085\" \/>\u2022 VW TL 774 C<\/p>\n<p data-start=\"2100\" data-end=\"2369\"><strong data-start=\"2100\" data-end=\"2134\">KOMPATIBEL MIT \/ SCH\u00dcTZT AUCH:<\/strong><br data-start=\"2134\" data-end=\"2137\" \/>\u2022 Alfa Romeo (1976\u20132005)<br data-start=\"2161\" data-end=\"2164\" \/>\u2022 ATLAS<br data-start=\"2171\" data-end=\"2174\" \/>\u2022 Bentley (1980\u20132005)<br data-start=\"2195\" data-end=\"2198\" \/>\u2022 Ferrari (1979\u20132009)<br data-start=\"2219\" data-end=\"2222\" \/>\u2022 Fiat (1982\u20132005)<br data-start=\"2240\" data-end=\"2243\" \/>\u2022 Ford (vor 1997)<br data-start=\"2260\" data-end=\"2263\" \/>\u2022 Jaguar (1986\u20131999)<br data-start=\"2283\" data-end=\"2286\" \/>\u2022 Lada<br data-start=\"2292\" data-end=\"2295\" \/>\u2022 Lancia (1976\u20132005)<br data-start=\"2315\" data-end=\"2318\" \/>\u2022 Lotus (1980\u20131999)<br data-start=\"2337\" data-end=\"2340\" \/>\u2022 Morgan<br data-start=\"2348\" data-end=\"2351\" \/>\u2022 Toyota (ab 2015)<\/p>","protected":false},"excerpt":{"rendered":"<p>INOX COOLANT RM -36 G48 EIGENSCHAFTENINOX COOLANT RM -36 G48 ist ein hochwertiges Hybrid-K\u00fchlmittel auf Basis von Ethylenglykol. Es ist frei von Nitriten, Aminen und Phosphaten und kombiniert Inhibitoren aus der Karboxyls\u00e4ure-Technologie mit Silikaten und Boraten. Diese Formel sorgt f\u00fcr langanhaltenden Korrosions- und Kavitationsschutz sowie eine verl\u00e4ngerte Lebensdauer des K\u00fchlmittels. Zus\u00e4tzliche Additive verhindern Schaumbildung, Ablagerungen [&hellip;]<\/p>","protected":false},"featured_media":1207,"comment_status":"open","ping_status":"closed","template":"","meta":[],"product_brand":[],"product_cat":[43],"product_tag":[],"class_list":{"0":"post-1170","1":"product","2":"type-product","3":"status-publish","4":"has-post-thumbnail","6":"product_cat-kuehlerfrostschutz","8":"first","9":"instock","10":"shipping-taxable","11":"product-type-simple"},"_links":{"self":[{"href":"https:\/\/inox-vertrieb.de\/en\/wp-json\/wp\/v2\/product\/1170","targetHints":{"allow":["GET"]}}],"collection":[{"href":"https:\/\/inox-vertrieb.de\/en\/wp-json\/wp\/v2\/product"}],"about":[{"href":"https:\/\/inox-vertrieb.de\/en\/wp-json\/wp\/v2\/types\/product"}],"replies":[{"embeddable":true,"href":"https:\/\/inox-vertrieb.de\/en\/wp-json\/wp\/v2\/comments?post=1170"}],"wp:featuredmedia":[{"embeddable":true,"href":"https:\/\/inox-vertrieb.de\/en\/wp-json\/wp\/v2\/media\/1207"}],"wp:attachment":[{"href":"https:\/\/inox-vertrieb.de\/en\/wp-json\/wp\/v2\/media?parent=1170"}],"wp:term":[{"taxonomy":"product_brand","embeddable":true,"href":"https:\/\/inox-vertrieb.de\/en\/wp-json\/wp\/v2\/product_brand?post=1170"},{"taxonomy":"product_cat","embeddable":true,"href":"https:\/\/inox-vertrieb.de\/en\/wp-json\/wp\/v2\/product_cat?post=1170"},{"taxonomy":"product_tag","embeddable":true,"href":"https:\/\/inox-vertrieb.de\/en\/wp-json\/wp\/v2\/product_tag?post=1170"}],"curies":[{"name":"wp","href":"https:\/\/api.w.org\/{rel}","templated":true}]}}