{"id":1164,"date":"2025-07-14T14:00:47","date_gmt":"2025-07-14T14:00:47","guid":{"rendered":"https:\/\/pakhelper.com\/inox\/?post_type=product&#038;p=1164"},"modified":"2025-07-15T14:59:56","modified_gmt":"2025-07-15T14:59:56","slug":"inox-cons-g13","status":"publish","type":"product","link":"https:\/\/inox-vertrieb.de\/en\/product\/inox-cons-g13\/","title":{"rendered":"INOX CONS G13"},"content":{"rendered":"<p data-start=\"69\" data-end=\"94\"><strong data-start=\"69\" data-end=\"94\">INOX COOLANT CONS G13<\/strong><\/p>\n<p data-start=\"96\" data-end=\"731\"><strong data-start=\"96\" data-end=\"113\">EIGENSCHAFTEN<\/strong><br data-start=\"113\" data-end=\"116\" \/>INOX COOLANT CONS G13 ist ein Premium-K\u00fchlerfrostschutz auf Basis von Ethylenglykol \u2013 frei von Nitriten, Aminen und Phosphaten. Die Kombination aus moderner OAT-Formulierung (Organic Acid Technology), Silikattechnologie und leistungsstarken Additiven bietet exzellenten Schutz vor Korrosion und Kavitationssch\u00e4den. Antischaum-Komponenten und Ablagerungsschutz sorgen f\u00fcr einen stabilen und sauberen K\u00fchlkreislauf. INOX COOLANT CONS G13 bietet wartungsfreien Ganzjahresschutz \u2013 zuverl\u00e4ssig \u00fcber die gesamte Lebensdauer des Motors hinweg. Materialien wie Schl\u00e4uche und Zylinderkopfdichtungen werden nicht angegriffen.<\/p>\n<p data-start=\"733\" data-end=\"1279\"><strong data-start=\"733\" data-end=\"752\">EINSATZHINWEISE<\/strong><br data-start=\"752\" data-end=\"755\" \/>Mit destilliertem Wasser gemischt, eignet sich INOX COOLANT CONS G13 als K\u00fchl- und W\u00e4rme\u00fcbertragungsfl\u00fcssigkeit in Verbrennungsmotoren \u2013 unabh\u00e4ngig vom Werkstoff (Gusseisen, Aluminium oder Mischbauweise). Ebenfalls einsetzbar in K\u00fchlsystemen mit Aluminium- oder Kupferlegierungen. Besonders empfehlenswert f\u00fcr moderne Leichtmetallmotoren mit hohen Betriebstemperaturen.<br data-start=\"1124\" data-end=\"1127\" \/>Empfohlene Konzentration: 50 Vol.%<br data-start=\"1161\" data-end=\"1164\" \/>Mischbar mit den meisten ethylenglykolbasierten K\u00fchlmitteln.<br data-start=\"1224\" data-end=\"1227\" \/><strong data-start=\"1227\" data-end=\"1239\">Hinweis:<\/strong> Herstellervorgaben unbedingt einhalten.<\/p>\n<p data-start=\"1281\" data-end=\"1398\"><strong data-start=\"1281\" data-end=\"1328\">LEISTUNGSSTANDARDS \/ HERSTELLEREMPFEHLUNGEN<\/strong><br data-start=\"1328\" data-end=\"1331\" \/>\u2022 VW TL 774 J<br data-start=\"1344\" data-end=\"1347\" \/>\u2022 Audi<br data-start=\"1353\" data-end=\"1356\" \/>\u2022 Bentley<br data-start=\"1365\" data-end=\"1368\" \/>\u2022 Lamborghini<br data-start=\"1381\" data-end=\"1384\" \/>\u2022 SEAT \/ \u0160koda<\/p>","protected":false},"excerpt":{"rendered":"<p>INOX COOLANT CONS G13 EIGENSCHAFTENINOX COOLANT CONS G13 ist ein Premium-K\u00fchlerfrostschutz auf Basis von Ethylenglykol \u2013 frei von Nitriten, Aminen und Phosphaten. Die Kombination aus moderner OAT-Formulierung (Organic Acid Technology), Silikattechnologie und leistungsstarken Additiven bietet exzellenten Schutz vor Korrosion und Kavitationssch\u00e4den. Antischaum-Komponenten und Ablagerungsschutz sorgen f\u00fcr einen stabilen und sauberen K\u00fchlkreislauf. INOX COOLANT CONS G13 [&hellip;]<\/p>","protected":false},"featured_media":1199,"comment_status":"open","ping_status":"closed","template":"","meta":[],"product_brand":[],"product_cat":[43],"product_tag":[],"class_list":{"0":"post-1164","1":"product","2":"type-product","3":"status-publish","4":"has-post-thumbnail","6":"product_cat-kuehlerfrostschutz","8":"first","9":"instock","10":"shipping-taxable","11":"product-type-simple"},"_links":{"self":[{"href":"https:\/\/inox-vertrieb.de\/en\/wp-json\/wp\/v2\/product\/1164","targetHints":{"allow":["GET"]}}],"collection":[{"href":"https:\/\/inox-vertrieb.de\/en\/wp-json\/wp\/v2\/product"}],"about":[{"href":"https:\/\/inox-vertrieb.de\/en\/wp-json\/wp\/v2\/types\/product"}],"replies":[{"embeddable":true,"href":"https:\/\/inox-vertrieb.de\/en\/wp-json\/wp\/v2\/comments?post=1164"}],"wp:featuredmedia":[{"embeddable":true,"href":"https:\/\/inox-vertrieb.de\/en\/wp-json\/wp\/v2\/media\/1199"}],"wp:attachment":[{"href":"https:\/\/inox-vertrieb.de\/en\/wp-json\/wp\/v2\/media?parent=1164"}],"wp:term":[{"taxonomy":"product_brand","embeddable":true,"href":"https:\/\/inox-vertrieb.de\/en\/wp-json\/wp\/v2\/product_brand?post=1164"},{"taxonomy":"product_cat","embeddable":true,"href":"https:\/\/inox-vertrieb.de\/en\/wp-json\/wp\/v2\/product_cat?post=1164"},{"taxonomy":"product_tag","embeddable":true,"href":"https:\/\/inox-vertrieb.de\/en\/wp-json\/wp\/v2\/product_tag?post=1164"}],"curies":[{"name":"wp","href":"https:\/\/api.w.org\/{rel}","templated":true}]}}