{"id":1163,"date":"2025-07-14T13:57:55","date_gmt":"2025-07-14T13:57:55","guid":{"rendered":"https:\/\/pakhelper.com\/inox\/?post_type=product&#038;p=1163"},"modified":"2025-07-15T14:59:14","modified_gmt":"2025-07-15T14:59:14","slug":"inox-rm-36-g12","status":"publish","type":"product","link":"https:\/\/inox-vertrieb.de\/en\/product\/inox-rm-36-g12\/","title":{"rendered":"INOX RM -36 G12+"},"content":{"rendered":"<p data-start=\"75\" data-end=\"103\"><strong data-start=\"75\" data-end=\"103\">INOX COOLANT RM -36 G12+<\/strong><\/p>\n<p data-start=\"105\" data-end=\"742\"><strong data-start=\"105\" data-end=\"122\">EIGENSCHAFTEN<\/strong><br data-start=\"122\" data-end=\"125\" \/>INOX COOLANT RM -36 G12+ ist ein hochwertiger K\u00fchlerschutz auf Basis von Ethylenglykol \u2013 frei von Nitriten, Aminen und Phosphaten. Die moderne, silikatfreie Karboxyls\u00e4ure-Technologie kombiniert \u00e4u\u00dferst stabile Inhibitoren f\u00fcr exzellenten Schutz vor Korrosion und Kavitationssch\u00e4den \u2013 und sorgt damit f\u00fcr maximale Lebensdauer des K\u00fchlmittels. Antischaum-Zus\u00e4tze und Ablagerungsschutz gew\u00e4hrleisten einen sauberen und sicheren K\u00fchlkreislauf. INOX COOLANT RM -36 G12+ bietet wartungsfreien Ganzjahresschutz \u00fcber die gesamte Motorlebensdauer hinweg. Materialvertr\u00e4glichkeit mit Schl\u00e4uchen und Dichtungen ist voll gegeben.<\/p>\n<p data-start=\"744\" data-end=\"1199\"><strong data-start=\"744\" data-end=\"763\">EINSATZHINWEISE<\/strong><br data-start=\"763\" data-end=\"766\" \/>INOX COOLANT RM -36 G12+ eignet sich ideal als K\u00fchl- und W\u00e4rme\u00fcbertragungsfl\u00fcssigkeit in Verbrennungsmotoren \u2013 egal ob aus Gusseisen, Aluminium oder Mischbauweise. Auch f\u00fcr K\u00fchlsysteme mit Aluminium- oder Kupferlegierungen geeignet. Besonders empfohlen f\u00fcr Leichtmetallmotoren mit erh\u00f6hter thermischer Belastung.<br data-start=\"1078\" data-end=\"1081\" \/>Mit den meisten ethylenglykolbasierten K\u00fchlmitteln mischbar.<br data-start=\"1141\" data-end=\"1144\" \/><strong data-start=\"1144\" data-end=\"1156\">Hinweis:<\/strong> Herstellervorschriften unbedingt beachten.<\/p>\n<p data-start=\"1201\" data-end=\"1339\"><strong data-start=\"1201\" data-end=\"1238\">LEISTUNGSSTANDARDS \/ EMPFEHLUNGEN<\/strong><br data-start=\"1238\" data-end=\"1241\" \/>\u2022 VW TL 774 F<br data-start=\"1254\" data-end=\"1257\" \/>\u2022 VW TL 774 D<br data-start=\"1270\" data-end=\"1273\" \/>\u2022 MAN 324 SNF<br data-start=\"1286\" data-end=\"1289\" \/>\u2022 MB 325.3<br data-start=\"1299\" data-end=\"1302\" \/>\u2022 Ford WSS-M97B44-D<br data-start=\"1321\" data-end=\"1324\" \/>\u2022 Opel GM 6277M<\/p>","protected":false},"excerpt":{"rendered":"<p>INOX COOLANT RM -36 G12+ EIGENSCHAFTENINOX COOLANT RM -36 G12+ ist ein hochwertiger K\u00fchlerschutz auf Basis von Ethylenglykol \u2013 frei von Nitriten, Aminen und Phosphaten. Die moderne, silikatfreie Karboxyls\u00e4ure-Technologie kombiniert \u00e4u\u00dferst stabile Inhibitoren f\u00fcr exzellenten Schutz vor Korrosion und Kavitationssch\u00e4den \u2013 und sorgt damit f\u00fcr maximale Lebensdauer des K\u00fchlmittels. Antischaum-Zus\u00e4tze und Ablagerungsschutz gew\u00e4hrleisten einen sauberen [&hellip;]<\/p>","protected":false},"featured_media":1198,"comment_status":"open","ping_status":"closed","template":"","meta":[],"product_brand":[],"product_cat":[43],"product_tag":[],"class_list":{"0":"post-1163","1":"product","2":"type-product","3":"status-publish","4":"has-post-thumbnail","6":"product_cat-kuehlerfrostschutz","8":"first","9":"instock","10":"shipping-taxable","11":"product-type-simple"},"_links":{"self":[{"href":"https:\/\/inox-vertrieb.de\/en\/wp-json\/wp\/v2\/product\/1163","targetHints":{"allow":["GET"]}}],"collection":[{"href":"https:\/\/inox-vertrieb.de\/en\/wp-json\/wp\/v2\/product"}],"about":[{"href":"https:\/\/inox-vertrieb.de\/en\/wp-json\/wp\/v2\/types\/product"}],"replies":[{"embeddable":true,"href":"https:\/\/inox-vertrieb.de\/en\/wp-json\/wp\/v2\/comments?post=1163"}],"wp:featuredmedia":[{"embeddable":true,"href":"https:\/\/inox-vertrieb.de\/en\/wp-json\/wp\/v2\/media\/1198"}],"wp:attachment":[{"href":"https:\/\/inox-vertrieb.de\/en\/wp-json\/wp\/v2\/media?parent=1163"}],"wp:term":[{"taxonomy":"product_brand","embeddable":true,"href":"https:\/\/inox-vertrieb.de\/en\/wp-json\/wp\/v2\/product_brand?post=1163"},{"taxonomy":"product_cat","embeddable":true,"href":"https:\/\/inox-vertrieb.de\/en\/wp-json\/wp\/v2\/product_cat?post=1163"},{"taxonomy":"product_tag","embeddable":true,"href":"https:\/\/inox-vertrieb.de\/en\/wp-json\/wp\/v2\/product_tag?post=1163"}],"curies":[{"name":"wp","href":"https:\/\/api.w.org\/{rel}","templated":true}]}}