{"id":1161,"date":"2025-07-14T13:51:17","date_gmt":"2025-07-14T13:51:17","guid":{"rendered":"https:\/\/pakhelper.com\/inox\/?post_type=product&#038;p=1161"},"modified":"2025-07-15T14:56:38","modified_gmt":"2025-07-15T14:56:38","slug":"inox-rm-36-g11","status":"publish","type":"product","link":"https:\/\/inox-vertrieb.de\/en\/product\/inox-rm-36-g11\/","title":{"rendered":"INOX RM -36 G11"},"content":{"rendered":"<p data-start=\"75\" data-end=\"102\"><strong data-start=\"75\" data-end=\"102\">INOX COOLANT RM -36 G11<\/strong><\/p>\n<p data-start=\"104\" data-end=\"458\"><strong data-start=\"104\" data-end=\"121\">EIGENSCHAFTEN<\/strong><br data-start=\"121\" data-end=\"124\" \/>INOX COOLANT RM -36 G11 ist ein wirtschaftliches Frost- und Korrosionsschutzmittel f\u00fcr wassergek\u00fchlte Fahrzeugmotoren. Es ist frei von Nitrit, Amin und Phosphat. Das Produkt bietet ganzj\u00e4hrigen Schutz vor Frost und Korrosion und sorgt f\u00fcr einen zuverl\u00e4ssigen Betrieb des K\u00fchlsystems. Dichtungen und Schl\u00e4uche werden nicht angegriffen.<\/p>\n<p data-start=\"460\" data-end=\"946\"><strong data-start=\"460\" data-end=\"479\">EINSATZHINWEISE<\/strong><br data-start=\"479\" data-end=\"482\" \/>INOX COOLANT RM -36 G11 wird als K\u00fchl- und W\u00e4rme\u00fcbertragungsfl\u00fcssigkeit in modernen Verbrennungsmotoren verwendet \u2013 unabh\u00e4ngig davon, ob diese aus Gusseisen, Aluminium oder einer Kombination beider Materialien bestehen. Besonders geeignet f\u00fcr Leichtmetallmotoren, bei denen ein erh\u00f6hter Aluminiumschutz bei hohen Temperaturen erforderlich ist.<br data-start=\"825\" data-end=\"828\" \/>Empfohlene Einsatzkonzentration: 50 Vol.% (ganzj\u00e4hriger Schutz).<br data-start=\"892\" data-end=\"895\" \/><strong data-start=\"895\" data-end=\"907\">Hinweis:<\/strong> Herstellervorgaben unbedingt beachten.<\/p>\n<p data-start=\"948\" data-end=\"1036\"><strong data-start=\"948\" data-end=\"970\">LEISTUNGSSTANDARDS<\/strong><br data-start=\"970\" data-end=\"973\" \/>Erf\u00fcllt die Anforderungen gem\u00e4\u00df:<br data-start=\"1005\" data-end=\"1008\" \/>\u2022 ASTM D 3306<br data-start=\"1021\" data-end=\"1024\" \/>\u2022 SAE J 1034<\/p>","protected":false},"excerpt":{"rendered":"<p>INOX COOLANT RM -36 G11 EIGENSCHAFTENINOX COOLANT RM -36 G11 ist ein wirtschaftliches Frost- und Korrosionsschutzmittel f\u00fcr wassergek\u00fchlte Fahrzeugmotoren. Es ist frei von Nitrit, Amin und Phosphat. Das Produkt bietet ganzj\u00e4hrigen Schutz vor Frost und Korrosion und sorgt f\u00fcr einen zuverl\u00e4ssigen Betrieb des K\u00fchlsystems. Dichtungen und Schl\u00e4uche werden nicht angegriffen. EINSATZHINWEISEINOX COOLANT RM -36 G11 [&hellip;]<\/p>","protected":false},"featured_media":1196,"comment_status":"open","ping_status":"closed","template":"","meta":[],"product_brand":[],"product_cat":[43],"product_tag":[],"class_list":{"0":"post-1161","1":"product","2":"type-product","3":"status-publish","4":"has-post-thumbnail","6":"product_cat-kuehlerfrostschutz","8":"first","9":"instock","10":"shipping-taxable","11":"product-type-simple"},"_links":{"self":[{"href":"https:\/\/inox-vertrieb.de\/en\/wp-json\/wp\/v2\/product\/1161","targetHints":{"allow":["GET"]}}],"collection":[{"href":"https:\/\/inox-vertrieb.de\/en\/wp-json\/wp\/v2\/product"}],"about":[{"href":"https:\/\/inox-vertrieb.de\/en\/wp-json\/wp\/v2\/types\/product"}],"replies":[{"embeddable":true,"href":"https:\/\/inox-vertrieb.de\/en\/wp-json\/wp\/v2\/comments?post=1161"}],"wp:featuredmedia":[{"embeddable":true,"href":"https:\/\/inox-vertrieb.de\/en\/wp-json\/wp\/v2\/media\/1196"}],"wp:attachment":[{"href":"https:\/\/inox-vertrieb.de\/en\/wp-json\/wp\/v2\/media?parent=1161"}],"wp:term":[{"taxonomy":"product_brand","embeddable":true,"href":"https:\/\/inox-vertrieb.de\/en\/wp-json\/wp\/v2\/product_brand?post=1161"},{"taxonomy":"product_cat","embeddable":true,"href":"https:\/\/inox-vertrieb.de\/en\/wp-json\/wp\/v2\/product_cat?post=1161"},{"taxonomy":"product_tag","embeddable":true,"href":"https:\/\/inox-vertrieb.de\/en\/wp-json\/wp\/v2\/product_tag?post=1161"}],"curies":[{"name":"wp","href":"https:\/\/api.w.org\/{rel}","templated":true}]}}