{"id":238,"date":"2025-08-14T08:43:14","date_gmt":"2025-08-14T08:43:14","guid":{"rendered":"https:\/\/pakhelper.com\/inox\/?page_id=238"},"modified":"2025-11-27T17:20:17","modified_gmt":"2025-11-27T17:20:17","slug":"impressum","status":"publish","type":"page","link":"https:\/\/inox-vertrieb.de\/en\/impressum\/","title":{"rendered":"Impressum"},"content":{"rendered":"<h2 class=\"wp-block-heading\"><\/h2>\n\n\n\n<p>\u00a0<strong>Anschrift:<\/strong><br><br>INOX Vertriebs GmbH<br>Pestalozzistra\u00dfe 49<br>07318 Saalfeld<br>Deutschland<br><br>Tel: +49 03671 4609928<br><br>EMail: info@inox-vertrieb.de<br>Web: www.inox-vertrieb.de<br><br>Gesch\u00e4ftsf\u00fchrender\u00a0Gesellschafter\u00a0Marcus K\u00fchn<br><br>Handelsregister Saalfeld\/Saale HRB 50569<br>Ust DE 272552108<br><br><strong>Informationspflicht nach \u00a7 36 VSBG<\/strong><br><br>Wir sind grunds\u00e4tzlich nicht bereit und verpflichtet, an Streitbeilegungsverfahren vor einer Verbraucherschlichtungsstelle teilzunehmen.<br><strong><br>Bildnachweise:<\/strong><\/p>\n\n\n\n<p>Foto Slider Bio Schmierstoffe<br>pavlobaliukh \u2013 stock.adobe.com<br><br>Foto Slider High Quality Products<br>j-mel \u2013 stock.adobe.com<br><br>Foto Slider Automation<br>Jeanette Dietl \u2013 stock.adobe.com<br><br>Foto Slider Additivs for Automitive<br>m.mphoto \u2013 stock.adobe.com<br><br>Seite Unternehmen &#8211; INOX\u00ae Liquidsystems<br>Surapong \u2013 stock.adobe.com<br><br>Seite Unternehmen &#8211; Qualit\u00e4t<br>Coloures-Pic \u2013 stock.adobe.com<br><br>Seite Unternehmen &#8211; Made in Germany<br>abcmedia \u2013 stock.adobe.com<br><br>Seite Unternehmen &#8211; Umwelt CO2<br>Stockwerk-Fotodesign \u2013 stock.adobe.com<br><br>Seite Unternehmen &#8211; Bio Schmierstoffe Made in Th\u00fcringen<br>pavlobaliukh \u2013 stock.adobe.com<br><br>Seite Leistungen &#8211; Privat Label &#8211; INOX Vertriebs GmbH<br>Seite Leistungen &#8211; Export Pro &#8211; INOX Vertriebs GmbH<br>Seite Leistungen &#8211; Sponsoring &#8211; INOX Vertriebs GmbH<br><br>Seite Leistungen &#8211; Forschung &amp; Entwicklung<br>nokturnal \u2013 stock.adobe.com<br><br>Seite Leistungen &#8211; Logistik<br>Robert Kneschke \u2013 stock.adobe.com<br><br>Seite Leistungen &#8211; Lohnabf\u00fcllung<br>sveta \u2013 stock.adobe.com<br><br>Seite Produkt &#8211; INOX\u00ae Schnell Desinfektion<br>marchsirawit \u2013 stock.adobe.com<strong><br><br><br>Rechtliche Hinweise zur Webseite:<\/strong><br><br>Alle Texte, Bilder und weiter hier ver\u00f6ffentlichten Informationen unterliegen dem Urheberrecht des Anbieters, soweit nicht Urheberrechte Dritter bestehen. In jedem Fall ist eine Vervielf\u00e4ltigung, Verbreitung oder \u00f6ffentliche Wiedergabe ausschlie\u00dflich im Falle einer widerruflichen und nicht \u00fcbertragbaren Zustimmung des Anbieters gestattet.<br><br>Linksetzungen, welche auf die Inhalte der vorliegenden Website verweisen, bed\u00fcrfen der Zustimmung des Anbieters. Eine solche Zustimmung ist bei jeder grundlegenden Ver\u00e4nderung des Inhaltes der Webseite, von welcher die Verlinkung erfolgt, neu zu beantragen, sie kann jederzeit formlos widerrufen werden. Eine Verlinkung von Seiten mit illegalen, anst\u00f6\u00dfigen, irref\u00fchrenden oder diffamierenden Inhalten ist in jedem Fall ausgeschlossen.<br><br>Die Inhalte der Webseite werden mit gr\u00f6\u00dfter Sorgfalt erstellt. Dennoch kann keine Garantie f\u00fcr Aktualit\u00e4t und Vollst\u00e4ndigkeit \u00fcbernommen werden.<\/p>\n\n\n\n<p><\/p>","protected":false},"excerpt":{"rendered":"<p>\u00a0Anschrift: INOX Vertriebs GmbHPestalozzistra\u00dfe 4907318 SaalfeldDeutschland Tel: +49 03671 4609928 EMail: info@inox-vertrieb.deWeb: www.inox-vertrieb.de Gesch\u00e4ftsf\u00fchrender\u00a0Gesellschafter\u00a0Marcus K\u00fchn Handelsregister Saalfeld\/Saale HRB 50569Ust DE 272552108 Informationspflicht nach \u00a7 36 VSBG Wir sind grunds\u00e4tzlich nicht bereit und verpflichtet, an Streitbeilegungsverfahren vor einer Verbraucherschlichtungsstelle teilzunehmen.Bildnachweise: Foto Slider Bio Schmierstoffepavlobaliukh \u2013 stock.adobe.com Foto Slider High Quality Productsj-mel \u2013 stock.adobe.com Foto Slider AutomationJeanette [&hellip;]<\/p>","protected":false},"author":1,"featured_media":0,"parent":0,"menu_order":0,"comment_status":"closed","ping_status":"closed","template":"","meta":{"footnotes":""},"class_list":["post-238","page","type-page","status-publish","hentry"],"_links":{"self":[{"href":"https:\/\/inox-vertrieb.de\/en\/wp-json\/wp\/v2\/pages\/238","targetHints":{"allow":["GET"]}}],"collection":[{"href":"https:\/\/inox-vertrieb.de\/en\/wp-json\/wp\/v2\/pages"}],"about":[{"href":"https:\/\/inox-vertrieb.de\/en\/wp-json\/wp\/v2\/types\/page"}],"author":[{"embeddable":true,"href":"https:\/\/inox-vertrieb.de\/en\/wp-json\/wp\/v2\/users\/1"}],"replies":[{"embeddable":true,"href":"https:\/\/inox-vertrieb.de\/en\/wp-json\/wp\/v2\/comments?post=238"}],"version-history":[{"count":0,"href":"https:\/\/inox-vertrieb.de\/en\/wp-json\/wp\/v2\/pages\/238\/revisions"}],"wp:attachment":[{"href":"https:\/\/inox-vertrieb.de\/en\/wp-json\/wp\/v2\/media?parent=238"}],"curies":[{"name":"wp","href":"https:\/\/api.w.org\/{rel}","templated":true}]}}