{"id":489,"date":"2025-04-24T13:22:29","date_gmt":"2025-04-24T13:22:29","guid":{"rendered":"https:\/\/pakhelper.com\/inox\/?post_type=product&#038;p=489"},"modified":"2025-04-24T16:09:30","modified_gmt":"2025-04-24T16:09:30","slug":"inox-fleckenwasser-ix-500","status":"publish","type":"product","link":"http:\/\/inox-vertrieb.de\/en\/product\/inox-fleckenwasser-ix-500\/","title":{"rendered":"INOX Fleckenwasser IX 500"},"content":{"rendered":"<div class=\"textproduct\">\n<div class=\"textproduct\">\n<p>Das INOX\u00a0 Fleckenwasser IX 500 ist ein schneller und effektiver Schmutzentferner und beseitigt Verunreinigungen von \u00d6len, Fetten, Getr\u00e4nken, Teeren und vielen weiteren Arten m\u00fchelos und ohne R\u00fcckst\u00e4nde. Empfehlenswert ist die Anwendung bei Textilien, Fahrzeuginnenr\u00e4umen, Teppichen und noch vielen weiteren Oberfl\u00e4chen.<\/p>\n<\/div>\n<\/div>","protected":false},"excerpt":{"rendered":"<p>Das INOX\u00a0 Fleckenwasser IX 500 ist ein schneller und effektiver Schmutzentferner und beseitigt Verunreinigungen von \u00d6len, Fetten, Getr\u00e4nken, Teeren und vielen weiteren Arten m\u00fchelos und ohne R\u00fcckst\u00e4nde. Empfehlenswert ist die Anwendung bei Textilien, Fahrzeuginnenr\u00e4umen, Teppichen und noch vielen weiteren Oberfl\u00e4chen.<\/p>","protected":false},"featured_media":682,"comment_status":"open","ping_status":"closed","template":"","meta":[],"product_brand":[],"product_cat":[34],"product_tag":[],"class_list":{"0":"post-489","1":"product","2":"type-product","3":"status-publish","4":"has-post-thumbnail","6":"product_cat-technische-reiniger","8":"first","9":"instock","10":"shipping-taxable","11":"product-type-simple"},"_links":{"self":[{"href":"http:\/\/inox-vertrieb.de\/en\/wp-json\/wp\/v2\/product\/489","targetHints":{"allow":["GET"]}}],"collection":[{"href":"http:\/\/inox-vertrieb.de\/en\/wp-json\/wp\/v2\/product"}],"about":[{"href":"http:\/\/inox-vertrieb.de\/en\/wp-json\/wp\/v2\/types\/product"}],"replies":[{"embeddable":true,"href":"http:\/\/inox-vertrieb.de\/en\/wp-json\/wp\/v2\/comments?post=489"}],"wp:featuredmedia":[{"embeddable":true,"href":"http:\/\/inox-vertrieb.de\/en\/wp-json\/wp\/v2\/media\/682"}],"wp:attachment":[{"href":"http:\/\/inox-vertrieb.de\/en\/wp-json\/wp\/v2\/media?parent=489"}],"wp:term":[{"taxonomy":"product_brand","embeddable":true,"href":"http:\/\/inox-vertrieb.de\/en\/wp-json\/wp\/v2\/product_brand?post=489"},{"taxonomy":"product_cat","embeddable":true,"href":"http:\/\/inox-vertrieb.de\/en\/wp-json\/wp\/v2\/product_cat?post=489"},{"taxonomy":"product_tag","embeddable":true,"href":"http:\/\/inox-vertrieb.de\/en\/wp-json\/wp\/v2\/product_tag?post=489"}],"curies":[{"name":"wp","href":"https:\/\/api.w.org\/{rel}","templated":true}]}}