{"id":428,"date":"2025-04-24T12:41:20","date_gmt":"2025-04-24T12:41:20","guid":{"rendered":"https:\/\/pakhelper.com\/inox\/?post_type=product&#038;p=428"},"modified":"2025-11-26T13:16:14","modified_gmt":"2025-11-26T13:16:14","slug":"inox-scheibenfrostschutz","status":"publish","type":"product","link":"http:\/\/inox-vertrieb.de\/en\/product\/inox-scheibenfrostschutz\/","title":{"rendered":"INOX Scheibenfrostschutz"},"content":{"rendered":"<div class=\"textproduct\">\n<div class=\"textproduct\">\n<p>INOX\u00ae Arctic Scheibenfrostschutz ist ein Frostschutz-Konzentrat mit Aktiv-Reinigungstensiden f\u00fcr die Auto Scheibenwaschanlage im Winter. Es verhindert das Einfrieren der Waschfl\u00fcssigkeit bei Frost bis zu -30\u00b0C und entfernt Schmutz wie Salz oder Kalk m\u00fchelos im winterlichen Stra\u00dfenverkehr ohne Schlierenbildung. Es verhindert Vereisung und Verstopfung der D\u00fcsen und ist absolut lack- und kunststoffvertr\u00e4glich. Einsetzbar f\u00fcr alle Scheiben und Scheinwerferwaschanlagen. Des Weiteren ist es f\u00fcr Polycarbonatscheiben geeignet und f\u00fcr Fahrzeuge mit F\u00e4cherstrahld\u00fcsen verwendbar.<\/p>\n<p><strong>\u2713<\/strong> <strong>Frostsicher<\/strong>: Verhindert das Einfrieren des Wischwassers bis zu -30\u00b0C.<br \/>\n<strong>\u2713<\/strong> <strong>Klare Sicht<\/strong>: Schnellreinigend &amp; schlierenfrei dank Aktiv-Reinigungstensiden.<br \/>\n<strong>\u2713<\/strong> <strong>Sofort einsatzbereit<\/strong>: Unverd\u00fcnnt frostsicher bis -30\u00b0C, verd\u00fcnnt bis -5\u00b0C<br \/>\n<strong>\u2713<\/strong> <strong>Schonend sanft<\/strong>: Neutral gegen\u00fcber Lack, Gummi &amp; Kunststoff.<\/p>\n<\/div>\n<\/div>","protected":false},"excerpt":{"rendered":"<p>INOX\u00ae Arctic Scheibenfrostschutz ist ein Frostschutz-Konzentrat mit Aktiv-Reinigungstensiden f\u00fcr die Auto Scheibenwaschanlage im Winter. Es verhindert das Einfrieren der Waschfl\u00fcssigkeit bei Frost bis zu -30\u00b0C und entfernt Schmutz wie Salz oder Kalk m\u00fchelos im winterlichen Stra\u00dfenverkehr ohne Schlierenbildung. Es verhindert Vereisung und Verstopfung der D\u00fcsen und ist absolut lack- und kunststoffvertr\u00e4glich. Einsetzbar f\u00fcr alle Scheiben [&hellip;]<\/p>","protected":false},"featured_media":1633,"comment_status":"open","ping_status":"closed","template":"","meta":[],"product_brand":[],"product_cat":[32,40],"product_tag":[],"class_list":{"0":"post-428","1":"product","2":"type-product","3":"status-publish","4":"has-post-thumbnail","6":"product_cat-fahrzeugreiniger","7":"product_cat-frostschutz","9":"first","10":"instock","11":"shipping-taxable","12":"product-type-simple"},"_links":{"self":[{"href":"http:\/\/inox-vertrieb.de\/en\/wp-json\/wp\/v2\/product\/428","targetHints":{"allow":["GET"]}}],"collection":[{"href":"http:\/\/inox-vertrieb.de\/en\/wp-json\/wp\/v2\/product"}],"about":[{"href":"http:\/\/inox-vertrieb.de\/en\/wp-json\/wp\/v2\/types\/product"}],"replies":[{"embeddable":true,"href":"http:\/\/inox-vertrieb.de\/en\/wp-json\/wp\/v2\/comments?post=428"}],"wp:featuredmedia":[{"embeddable":true,"href":"http:\/\/inox-vertrieb.de\/en\/wp-json\/wp\/v2\/media\/1633"}],"wp:attachment":[{"href":"http:\/\/inox-vertrieb.de\/en\/wp-json\/wp\/v2\/media?parent=428"}],"wp:term":[{"taxonomy":"product_brand","embeddable":true,"href":"http:\/\/inox-vertrieb.de\/en\/wp-json\/wp\/v2\/product_brand?post=428"},{"taxonomy":"product_cat","embeddable":true,"href":"http:\/\/inox-vertrieb.de\/en\/wp-json\/wp\/v2\/product_cat?post=428"},{"taxonomy":"product_tag","embeddable":true,"href":"http:\/\/inox-vertrieb.de\/en\/wp-json\/wp\/v2\/product_tag?post=428"}],"curies":[{"name":"wp","href":"https:\/\/api.w.org\/{rel}","templated":true}]}}