{"id":380,"date":"2025-04-23T11:04:19","date_gmt":"2025-04-23T11:04:19","guid":{"rendered":"https:\/\/pakhelper.com\/inox\/?post_type=product&#038;p=380"},"modified":"2025-04-23T11:04:19","modified_gmt":"2025-04-23T11:04:19","slug":"inox-katalysator-lambdasondenreiniger","status":"publish","type":"product","link":"http:\/\/inox-vertrieb.de\/en\/product\/inox-katalysator-lambdasondenreiniger\/","title":{"rendered":"INOX Katalysator &#038; Lambdasondenreiniger"},"content":{"rendered":"<div class=\"textproduct\">\n<p>Der INOX\u00ae Katalysator- &amp; Lambdasondenreiniger ist ein speziell entwickeltes Hochleistungsprodukt, um bereits kleinste Verschmutzungen zuverl\u00e4ssig und nachhaltig im gesamten Verbrennungssystem zu entfernen. Bei regelm\u00e4\u00dfiger Anwendung Sch\u00fctz das Produkt vor erneuter Verschmutzung und erh\u00f6ht die Kraftstoffeffektivit\u00e4t.<\/p>\n<\/div>","protected":false},"excerpt":{"rendered":"<p>Der INOX\u00ae Katalysator- &amp; Lambdasondenreiniger ist ein speziell entwickeltes Hochleistungsprodukt, um bereits kleinste Verschmutzungen zuverl\u00e4ssig und nachhaltig im gesamten Verbrennungssystem zu entfernen. Bei regelm\u00e4\u00dfiger Anwendung Sch\u00fctz das Produkt vor erneuter Verschmutzung und erh\u00f6ht die Kraftstoffeffektivit\u00e4t.<\/p>","protected":false},"featured_media":381,"comment_status":"open","ping_status":"closed","template":"","meta":[],"product_brand":[],"product_cat":[22,31],"product_tag":[],"class_list":{"0":"post-380","1":"product","2":"type-product","3":"status-publish","4":"has-post-thumbnail","6":"product_cat-additive","7":"product_cat-additive-benzinsysteme","9":"first","10":"instock","11":"shipping-taxable","12":"product-type-simple"},"_links":{"self":[{"href":"http:\/\/inox-vertrieb.de\/en\/wp-json\/wp\/v2\/product\/380","targetHints":{"allow":["GET"]}}],"collection":[{"href":"http:\/\/inox-vertrieb.de\/en\/wp-json\/wp\/v2\/product"}],"about":[{"href":"http:\/\/inox-vertrieb.de\/en\/wp-json\/wp\/v2\/types\/product"}],"replies":[{"embeddable":true,"href":"http:\/\/inox-vertrieb.de\/en\/wp-json\/wp\/v2\/comments?post=380"}],"wp:featuredmedia":[{"embeddable":true,"href":"http:\/\/inox-vertrieb.de\/en\/wp-json\/wp\/v2\/media\/381"}],"wp:attachment":[{"href":"http:\/\/inox-vertrieb.de\/en\/wp-json\/wp\/v2\/media?parent=380"}],"wp:term":[{"taxonomy":"product_brand","embeddable":true,"href":"http:\/\/inox-vertrieb.de\/en\/wp-json\/wp\/v2\/product_brand?post=380"},{"taxonomy":"product_cat","embeddable":true,"href":"http:\/\/inox-vertrieb.de\/en\/wp-json\/wp\/v2\/product_cat?post=380"},{"taxonomy":"product_tag","embeddable":true,"href":"http:\/\/inox-vertrieb.de\/en\/wp-json\/wp\/v2\/product_tag?post=380"}],"curies":[{"name":"wp","href":"https:\/\/api.w.org\/{rel}","templated":true}]}}