{"id":369,"date":"2025-04-23T10:23:27","date_gmt":"2025-04-23T10:23:27","guid":{"rendered":"https:\/\/pakhelper.com\/inox\/?post_type=product&#038;p=369"},"modified":"2026-01-23T18:22:33","modified_gmt":"2026-01-23T18:22:33","slug":"inox-intensiv-partikelfilterspulung","status":"publish","type":"product","link":"http:\/\/inox-vertrieb.de\/en\/product\/inox-intensiv-partikelfilterspulung\/","title":{"rendered":"INOX Intensiv Partikelfiltersp\u00fclung"},"content":{"rendered":"<div class=\"textproduct\">\n<p data-start=\"288\" data-end=\"597\">Der <strong data-start=\"292\" data-end=\"351\">INOX\u00ae Intensiv Dieselpartikelfilterreiniger DPF-Sp\u00fclung<\/strong> l\u00f6st effektiv Ablagerungen im Dieselpartikelfilter und sorgt f\u00fcr eine optimale Durchl\u00e4ssigkeit des Filtersystems. Durch die gezielte Reinigung wird der Abgasgegendruck reduziert und die Funktion des Dieselpartikelfilters nachhaltig verbessert.<\/p>\n<p data-start=\"599\" data-end=\"850\"><strong data-start=\"599\" data-end=\"762\">Die schonende, aber wirkungsstarke Formulierung sch\u00fctzt das Filtermaterial, unterst\u00fctzt die Regenerationszyklen und kann kostenintensive Reparaturen vermeiden.<\/strong> Der Reiniger ist f\u00fcr alle Dieselpartikelfilter in PKW, LKW und Nutzfahrzeugen geeignet.<\/p>\n<\/div>\n<p><strong>\u2713 Power &amp; Kraftstoffeffizienz:<\/strong> Erh\u00f6ht die Oktanzahl, steigert die Motorleistung &amp; reduziert Kraftstoffverbrauch.<br \/>\n<strong>\u2713 Effizienter Motorschutz:<\/strong> Reinigt das Motorsystem &amp; bek\u00e4mpft Ablagerungen im Kraftstoffsystem.<br \/>\n<strong>\u2713 Einfache Anwendung:<\/strong> Vor jeder Betankung 250 ml hinzuf\u00fcgen.<br \/>\n<strong>\u2713 F\u00fcr alle Benzinmotoren:<\/strong> Verbessert Kompression &amp; Abgaswerte.<br \/>\n<strong>\u2713 Regelm\u00e4\u00dfige Anwendung:<\/strong> Sorgt f\u00fcr ruhigen Motorlauf &amp; zuverl\u00e4ssiges Startverhalten.<\/p>\n<p>&nbsp;<\/p>\n<div class=\"textproduct\">\n<p data-start=\"599\" data-end=\"850\"><img decoding=\"async\" src=\"https:\/\/m.media-amazon.com\/images\/I\/31mTHI4a8xL.png\" alt=\"Gesundheitssch\u00e4dlich bei Einatmen.\" width=\"44\" \/><\/p>\n<p data-start=\"599\" data-end=\"850\"><strong data-start=\"151\" data-end=\"163\">Gefahr:<\/strong> Verursacht Hautreizungen und schwere Augenreizungen. Kontakt mit Haut und Augen vermeiden.<\/p>\n<\/div>","protected":false},"excerpt":{"rendered":"<p>Der INOX\u00ae Intensiv Dieselpartikelfilterreiniger DPF-Sp\u00fclung l\u00f6st effektiv Ablagerungen im Dieselpartikelfilter und sorgt f\u00fcr eine optimale Durchl\u00e4ssigkeit des Filtersystems. Durch die gezielte Reinigung wird der Abgasgegendruck reduziert und die Funktion des Dieselpartikelfilters nachhaltig verbessert. Die schonende, aber wirkungsstarke Formulierung sch\u00fctzt das Filtermaterial, unterst\u00fctzt die Regenerationszyklen und kann kostenintensive Reparaturen vermeiden. Der Reiniger ist f\u00fcr alle Dieselpartikelfilter [&hellip;]<\/p>","protected":false},"featured_media":1683,"comment_status":"open","ping_status":"closed","template":"","meta":[],"product_brand":[],"product_cat":[22,30],"product_tag":[],"class_list":{"0":"post-369","1":"product","2":"type-product","3":"status-publish","4":"has-post-thumbnail","6":"product_cat-additive","7":"product_cat-additive-dieselsysteme","9":"first","10":"instock","11":"shipping-taxable","12":"product-type-simple"},"_links":{"self":[{"href":"http:\/\/inox-vertrieb.de\/en\/wp-json\/wp\/v2\/product\/369","targetHints":{"allow":["GET"]}}],"collection":[{"href":"http:\/\/inox-vertrieb.de\/en\/wp-json\/wp\/v2\/product"}],"about":[{"href":"http:\/\/inox-vertrieb.de\/en\/wp-json\/wp\/v2\/types\/product"}],"replies":[{"embeddable":true,"href":"http:\/\/inox-vertrieb.de\/en\/wp-json\/wp\/v2\/comments?post=369"}],"wp:featuredmedia":[{"embeddable":true,"href":"http:\/\/inox-vertrieb.de\/en\/wp-json\/wp\/v2\/media\/1683"}],"wp:attachment":[{"href":"http:\/\/inox-vertrieb.de\/en\/wp-json\/wp\/v2\/media?parent=369"}],"wp:term":[{"taxonomy":"product_brand","embeddable":true,"href":"http:\/\/inox-vertrieb.de\/en\/wp-json\/wp\/v2\/product_brand?post=369"},{"taxonomy":"product_cat","embeddable":true,"href":"http:\/\/inox-vertrieb.de\/en\/wp-json\/wp\/v2\/product_cat?post=369"},{"taxonomy":"product_tag","embeddable":true,"href":"http:\/\/inox-vertrieb.de\/en\/wp-json\/wp\/v2\/product_tag?post=369"}],"curies":[{"name":"wp","href":"https:\/\/api.w.org\/{rel}","templated":true}]}}