{"id":361,"date":"2025-04-23T10:20:55","date_gmt":"2025-04-23T10:20:55","guid":{"rendered":"https:\/\/pakhelper.com\/inox\/?post_type=product&#038;p=361"},"modified":"2025-04-23T10:20:55","modified_gmt":"2025-04-23T10:20:55","slug":"inox-cetan-booster","status":"publish","type":"product","link":"http:\/\/inox-vertrieb.de\/en\/product\/inox-cetan-booster\/","title":{"rendered":"INOX Cetan Booster"},"content":{"rendered":"<div class=\"textproduct\">\n<p>Der INOX\u00ae Cetan Booster erh\u00f6ht die Cetanzahl des Dieselkraftstoffs um bis zu 5 Punkte. Besonders empfohlen wird das Produkt bei Kraftstoffe minderer Qualit\u00e4t. Es bewirkt eine gleichm\u00e4\u00dfige und kraftvolle Verbrennung, vermindert Ru\u00dfbildung, Nagelger\u00e4uche, Nachlaufen und \u00dcberhitzung. Der Cetanzahlverbesserer sichert eine optimale Verbrennung und erleichtert den Kaltstartvorgang.<\/p>\n<\/div>","protected":false},"excerpt":{"rendered":"<p>Der INOX\u00ae Cetan Booster erh\u00f6ht die Cetanzahl des Dieselkraftstoffs um bis zu 5 Punkte. Besonders empfohlen wird das Produkt bei Kraftstoffe minderer Qualit\u00e4t. Es bewirkt eine gleichm\u00e4\u00dfige und kraftvolle Verbrennung, vermindert Ru\u00dfbildung, Nagelger\u00e4uche, Nachlaufen und \u00dcberhitzung. Der Cetanzahlverbesserer sichert eine optimale Verbrennung und erleichtert den Kaltstartvorgang.<\/p>","protected":false},"featured_media":362,"comment_status":"open","ping_status":"closed","template":"","meta":[],"product_brand":[],"product_cat":[22,30],"product_tag":[],"class_list":{"0":"post-361","1":"product","2":"type-product","3":"status-publish","4":"has-post-thumbnail","6":"product_cat-additive","7":"product_cat-additive-dieselsysteme","9":"first","10":"instock","11":"shipping-taxable","12":"product-type-simple"},"_links":{"self":[{"href":"http:\/\/inox-vertrieb.de\/en\/wp-json\/wp\/v2\/product\/361","targetHints":{"allow":["GET"]}}],"collection":[{"href":"http:\/\/inox-vertrieb.de\/en\/wp-json\/wp\/v2\/product"}],"about":[{"href":"http:\/\/inox-vertrieb.de\/en\/wp-json\/wp\/v2\/types\/product"}],"replies":[{"embeddable":true,"href":"http:\/\/inox-vertrieb.de\/en\/wp-json\/wp\/v2\/comments?post=361"}],"wp:featuredmedia":[{"embeddable":true,"href":"http:\/\/inox-vertrieb.de\/en\/wp-json\/wp\/v2\/media\/362"}],"wp:attachment":[{"href":"http:\/\/inox-vertrieb.de\/en\/wp-json\/wp\/v2\/media?parent=361"}],"wp:term":[{"taxonomy":"product_brand","embeddable":true,"href":"http:\/\/inox-vertrieb.de\/en\/wp-json\/wp\/v2\/product_brand?post=361"},{"taxonomy":"product_cat","embeddable":true,"href":"http:\/\/inox-vertrieb.de\/en\/wp-json\/wp\/v2\/product_cat?post=361"},{"taxonomy":"product_tag","embeddable":true,"href":"http:\/\/inox-vertrieb.de\/en\/wp-json\/wp\/v2\/product_tag?post=361"}],"curies":[{"name":"wp","href":"https:\/\/api.w.org\/{rel}","templated":true}]}}