{"id":322,"date":"2025-04-22T10:56:11","date_gmt":"2025-04-22T10:56:11","guid":{"rendered":"https:\/\/pakhelper.com\/inox\/?post_type=product&#038;p=322"},"modified":"2025-04-22T10:56:11","modified_gmt":"2025-04-22T10:56:11","slug":"inox-katalysator-lambdasondenreiniger-hybrid","status":"publish","type":"product","link":"http:\/\/inox-vertrieb.de\/en\/product\/inox-katalysator-lambdasondenreiniger-hybrid\/","title":{"rendered":"INOX Katalysator &#038; Lambdasondenreiniger Hybrid"},"content":{"rendered":"<div class=\"textproduct\">\n<p>Der INOX\u00ae Katalysator- und Lambdasondenreiniger Hybrid ist ein speziell entwickeltes Hochleistungsprodukt, um bereits kleinste Verschmutzungen zuverl\u00e4ssig und nachhaltig im Bereich des Katalysators, der Lambdasonde und des Turboladers zu entfernen. Bei regelm\u00e4\u00dfiger Anwendung Sch\u00fctz das Produkt vor erneuter Verschmutzung und erh\u00f6ht die Kraftstoffeffektivit\u00e4t. Es wurde speziell f\u00fcr Hybrid Fahrzeuge entwickelt.<\/p>\n<\/div>","protected":false},"excerpt":{"rendered":"<p>Der INOX\u00ae Katalysator- und Lambdasondenreiniger Hybrid ist ein speziell entwickeltes Hochleistungsprodukt, um bereits kleinste Verschmutzungen zuverl\u00e4ssig und nachhaltig im Bereich des Katalysators, der Lambdasonde und des Turboladers zu entfernen. Bei regelm\u00e4\u00dfiger Anwendung Sch\u00fctz das Produkt vor erneuter Verschmutzung und erh\u00f6ht die Kraftstoffeffektivit\u00e4t. Es wurde speziell f\u00fcr Hybrid Fahrzeuge entwickelt.<\/p>","protected":false},"featured_media":323,"comment_status":"open","ping_status":"closed","template":"","meta":[],"product_brand":[],"product_cat":[22,24],"product_tag":[],"class_list":{"0":"post-322","1":"product","2":"type-product","3":"status-publish","4":"has-post-thumbnail","6":"product_cat-additive","7":"product_cat-additive-hybridsysteme","9":"first","10":"instock","11":"shipping-taxable","12":"product-type-simple"},"_links":{"self":[{"href":"http:\/\/inox-vertrieb.de\/en\/wp-json\/wp\/v2\/product\/322","targetHints":{"allow":["GET"]}}],"collection":[{"href":"http:\/\/inox-vertrieb.de\/en\/wp-json\/wp\/v2\/product"}],"about":[{"href":"http:\/\/inox-vertrieb.de\/en\/wp-json\/wp\/v2\/types\/product"}],"replies":[{"embeddable":true,"href":"http:\/\/inox-vertrieb.de\/en\/wp-json\/wp\/v2\/comments?post=322"}],"wp:featuredmedia":[{"embeddable":true,"href":"http:\/\/inox-vertrieb.de\/en\/wp-json\/wp\/v2\/media\/323"}],"wp:attachment":[{"href":"http:\/\/inox-vertrieb.de\/en\/wp-json\/wp\/v2\/media?parent=322"}],"wp:term":[{"taxonomy":"product_brand","embeddable":true,"href":"http:\/\/inox-vertrieb.de\/en\/wp-json\/wp\/v2\/product_brand?post=322"},{"taxonomy":"product_cat","embeddable":true,"href":"http:\/\/inox-vertrieb.de\/en\/wp-json\/wp\/v2\/product_cat?post=322"},{"taxonomy":"product_tag","embeddable":true,"href":"http:\/\/inox-vertrieb.de\/en\/wp-json\/wp\/v2\/product_tag?post=322"}],"curies":[{"name":"wp","href":"https:\/\/api.w.org\/{rel}","templated":true}]}}