{"id":318,"date":"2025-04-22T10:54:55","date_gmt":"2025-04-22T10:54:55","guid":{"rendered":"https:\/\/pakhelper.com\/inox\/?post_type=product&#038;p=318"},"modified":"2025-04-22T10:54:55","modified_gmt":"2025-04-22T10:54:55","slug":"inox-motorinnenreiniger-hybrid","status":"publish","type":"product","link":"http:\/\/inox-vertrieb.de\/en\/product\/inox-motorinnenreiniger-hybrid\/","title":{"rendered":"INOX Motorinnenreiniger Hybrid"},"content":{"rendered":"<p>Der\u00a0<strong>INOX\u00ae Motorinnenreiniger Hybrid<\/strong>\u00a0l\u00f6st Verschmutzungen und Verharzungen im gesamten \u00d6l-und Schmierkreislauf. Sch\u00e4dliche Motors\u00e4uren werden neutralisiert und der \u00d6l- und Kraftstoffverbrauch wird reduziert. Dies f\u00fchrt zu reduzierten Kraftstoffverbrauch, verbesserter Motorleistung, geringerem Verschlei\u00df und l\u00e4ngere Lebensdauer des Katalysators. Zus\u00e4tzlich sch\u00fctzt der Reiniger den Motor w\u00e4hrend des Reinigungsvorganges durch hochwirksame Schmierkomponenten.<\/p>\n<p>Hinweis: Lieferung erfolgt ohne T\u00fclle<\/p>","protected":false},"excerpt":{"rendered":"<p>Der\u00a0INOX\u00ae Motorinnenreiniger Hybrid\u00a0l\u00f6st Verschmutzungen und Verharzungen im gesamten \u00d6l-und Schmierkreislauf. Sch\u00e4dliche Motors\u00e4uren werden neutralisiert und der \u00d6l- und Kraftstoffverbrauch wird reduziert. Dies f\u00fchrt zu reduzierten Kraftstoffverbrauch, verbesserter Motorleistung, geringerem Verschlei\u00df und l\u00e4ngere Lebensdauer des Katalysators. Zus\u00e4tzlich sch\u00fctzt der Reiniger den Motor w\u00e4hrend des Reinigungsvorganges durch hochwirksame Schmierkomponenten. Hinweis: Lieferung erfolgt ohne T\u00fclle<\/p>","protected":false},"featured_media":319,"comment_status":"open","ping_status":"closed","template":"","meta":[],"product_brand":[],"product_cat":[22,24],"product_tag":[],"class_list":{"0":"post-318","1":"product","2":"type-product","3":"status-publish","4":"has-post-thumbnail","6":"product_cat-additive","7":"product_cat-additive-hybridsysteme","9":"first","10":"instock","11":"shipping-taxable","12":"product-type-simple"},"_links":{"self":[{"href":"http:\/\/inox-vertrieb.de\/en\/wp-json\/wp\/v2\/product\/318","targetHints":{"allow":["GET"]}}],"collection":[{"href":"http:\/\/inox-vertrieb.de\/en\/wp-json\/wp\/v2\/product"}],"about":[{"href":"http:\/\/inox-vertrieb.de\/en\/wp-json\/wp\/v2\/types\/product"}],"replies":[{"embeddable":true,"href":"http:\/\/inox-vertrieb.de\/en\/wp-json\/wp\/v2\/comments?post=318"}],"wp:featuredmedia":[{"embeddable":true,"href":"http:\/\/inox-vertrieb.de\/en\/wp-json\/wp\/v2\/media\/319"}],"wp:attachment":[{"href":"http:\/\/inox-vertrieb.de\/en\/wp-json\/wp\/v2\/media?parent=318"}],"wp:term":[{"taxonomy":"product_brand","embeddable":true,"href":"http:\/\/inox-vertrieb.de\/en\/wp-json\/wp\/v2\/product_brand?post=318"},{"taxonomy":"product_cat","embeddable":true,"href":"http:\/\/inox-vertrieb.de\/en\/wp-json\/wp\/v2\/product_cat?post=318"},{"taxonomy":"product_tag","embeddable":true,"href":"http:\/\/inox-vertrieb.de\/en\/wp-json\/wp\/v2\/product_tag?post=318"}],"curies":[{"name":"wp","href":"https:\/\/api.w.org\/{rel}","templated":true}]}}