{"id":287,"date":"2025-04-22T09:59:19","date_gmt":"2025-04-22T09:59:19","guid":{"rendered":"https:\/\/pakhelper.com\/inox\/?post_type=product&#038;p=287"},"modified":"2025-04-22T10:06:12","modified_gmt":"2025-04-22T10:06:12","slug":"inox-kraftstoffsystemreiniger","status":"publish","type":"product","link":"http:\/\/inox-vertrieb.de\/en\/product\/inox-kraftstoffsystemreiniger\/","title":{"rendered":"INOX Kraftstoffsystemreiniger"},"content":{"rendered":"<p>INOX Kraftstoffsystemreiniger kann f\u00fcr alle Benzinmotoren verwendet werden. Er l\u00f6st Verschmutzungen und Verharzungen im gesamten Kraftstoffsystem und entfernt zuverl\u00e4ssig alle Verkokungsr\u00fcckst\u00e4nde und Ru\u00dfablagerungen. Die Lebensdauer des Motors wird dadurch erh\u00f6ht.<\/p>\n<ul>\n<li>optimiert Abgaswerte<\/li>\n<li>bindet Kondenswasser<\/li>\n<li>l\u00f6st Verschmutzungen und Verharzungen im gesamten Kraftstoffsystem<\/li>\n<li>entfernt zuverl\u00e4ssig alle Verkokungsr\u00fcckst\u00e4nde und Ru\u00dfablagerungen<\/li>\n<li>sichert eine saubere und kraftvolle Verbrennung<\/li>\n<li>entfernt Feuchtigkeit und Kondenswasser aus dem gesamten Kraftstoffsystem<\/li>\n<li>schmiert und sch\u00fctzt den oberen Zylinderbereich<\/li>\n<li>erh\u00f6ht die Lebensdauer des Motors<\/li>\n<\/ul>","protected":false},"excerpt":{"rendered":"<p>INOX Kraftstoffsystemreiniger kann f\u00fcr alle Benzinmotoren verwendet werden. Er l\u00f6st Verschmutzungen und Verharzungen im gesamten Kraftstoffsystem und entfernt zuverl\u00e4ssig alle Verkokungsr\u00fcckst\u00e4nde und Ru\u00dfablagerungen. Die Lebensdauer des Motors wird dadurch erh\u00f6ht. optimiert Abgaswerte bindet Kondenswasser l\u00f6st Verschmutzungen und Verharzungen im gesamten Kraftstoffsystem entfernt zuverl\u00e4ssig alle Verkokungsr\u00fcckst\u00e4nde und Ru\u00dfablagerungen sichert eine saubere und kraftvolle Verbrennung entfernt Feuchtigkeit [&hellip;]<\/p>","protected":false},"featured_media":288,"comment_status":"open","ping_status":"closed","template":"","meta":[],"product_brand":[],"product_cat":[20],"product_tag":[],"class_list":{"0":"post-287","1":"product","2":"type-product","3":"status-publish","4":"has-post-thumbnail","6":"product_cat-additive-gasoline-systems","8":"first","9":"instock","10":"shipping-taxable","11":"product-type-simple"},"_links":{"self":[{"href":"http:\/\/inox-vertrieb.de\/en\/wp-json\/wp\/v2\/product\/287","targetHints":{"allow":["GET"]}}],"collection":[{"href":"http:\/\/inox-vertrieb.de\/en\/wp-json\/wp\/v2\/product"}],"about":[{"href":"http:\/\/inox-vertrieb.de\/en\/wp-json\/wp\/v2\/types\/product"}],"replies":[{"embeddable":true,"href":"http:\/\/inox-vertrieb.de\/en\/wp-json\/wp\/v2\/comments?post=287"}],"wp:featuredmedia":[{"embeddable":true,"href":"http:\/\/inox-vertrieb.de\/en\/wp-json\/wp\/v2\/media\/288"}],"wp:attachment":[{"href":"http:\/\/inox-vertrieb.de\/en\/wp-json\/wp\/v2\/media?parent=287"}],"wp:term":[{"taxonomy":"product_brand","embeddable":true,"href":"http:\/\/inox-vertrieb.de\/en\/wp-json\/wp\/v2\/product_brand?post=287"},{"taxonomy":"product_cat","embeddable":true,"href":"http:\/\/inox-vertrieb.de\/en\/wp-json\/wp\/v2\/product_cat?post=287"},{"taxonomy":"product_tag","embeddable":true,"href":"http:\/\/inox-vertrieb.de\/en\/wp-json\/wp\/v2\/product_tag?post=287"}],"curies":[{"name":"wp","href":"https:\/\/api.w.org\/{rel}","templated":true}]}}