{"id":1364,"date":"2025-08-29T16:40:11","date_gmt":"2025-08-29T16:40:11","guid":{"rendered":"https:\/\/inox-vertrieb.de\/?post_type=product&#038;p=1364"},"modified":"2025-09-01T08:54:21","modified_gmt":"2025-09-01T08:54:21","slug":"caravanreiniger-wash-care","status":"publish","type":"product","link":"http:\/\/inox-vertrieb.de\/en\/product\/caravanreiniger-wash-care\/","title":{"rendered":"Caravanreiniger Wash &#038; Care"},"content":{"rendered":"<p>Der <strong data-start=\"211\" data-end=\"240\">INOX\u00ae Caravan Wash &amp; Care<\/strong> ist der ideale Reiniger f\u00fcr eine gr\u00fcndliche und zugleich schonende Reinigung von Wohnmobilen, Caravans, Booten und anderen Fahrzeugen mit empfindlichen Au\u00dfen- und Innenfl\u00e4chen. Die hochwirksame Formulierung entfernt zuverl\u00e4ssig Schmutz, \u00d6l, Fett und Ablagerungen \u2013 ohne Materialien zu besch\u00e4digen. Der angenehme Citrusduft sorgt zus\u00e4tzlich f\u00fcr ein frisches Reinigungserlebnis. Das Konzentrat ist vielseitig anwendbar: von der manuellen Reinigung bis zur maschinellen Nutzung in Hochdruckreinigern.<\/p>\n<p><strong>\u2713 Gr\u00fcndliche Reinigung:<\/strong> Entfernt \u00d6l, Fett, Insekten &amp; Stra\u00dfenschmutz zuverl\u00e4ssig<br \/>\n<strong>\u2713 Schonend zur Oberfl\u00e4che:<\/strong> F\u00fcr empfindliche Materialien geeignet<br \/>\n<strong>\u2713 Vielseitig einsetzbar: <\/strong>Manuelle Anwendung oder Hochdruckreiniger<br \/>\n<strong>\u2713 Frischer Citrusduft: <\/strong>F\u00fcr ein angenehmes Reinigungserlebnis<br \/>\n<strong>\u2713 Made in Germany:<\/strong> Qualit\u00e4t &amp; Wirksamkeit aus deutscher Herstellung<\/p>","protected":false},"excerpt":{"rendered":"<p>Der INOX\u00ae Caravan Wash &amp; Care ist der ideale Reiniger f\u00fcr eine gr\u00fcndliche und zugleich schonende Reinigung von Wohnmobilen, Caravans, Booten und anderen Fahrzeugen mit empfindlichen Au\u00dfen- und Innenfl\u00e4chen. Die hochwirksame Formulierung entfernt zuverl\u00e4ssig Schmutz, \u00d6l, Fett und Ablagerungen \u2013 ohne Materialien zu besch\u00e4digen. Der angenehme Citrusduft sorgt zus\u00e4tzlich f\u00fcr ein frisches Reinigungserlebnis. Das Konzentrat [&hellip;]<\/p>","protected":false},"featured_media":1376,"comment_status":"open","ping_status":"closed","template":"","meta":[],"product_brand":[],"product_cat":[32],"product_tag":[],"class_list":{"0":"post-1364","1":"product","2":"type-product","3":"status-publish","4":"has-post-thumbnail","6":"product_cat-fahrzeugreiniger","8":"first","9":"instock","10":"shipping-taxable","11":"product-type-simple"},"_links":{"self":[{"href":"http:\/\/inox-vertrieb.de\/en\/wp-json\/wp\/v2\/product\/1364","targetHints":{"allow":["GET"]}}],"collection":[{"href":"http:\/\/inox-vertrieb.de\/en\/wp-json\/wp\/v2\/product"}],"about":[{"href":"http:\/\/inox-vertrieb.de\/en\/wp-json\/wp\/v2\/types\/product"}],"replies":[{"embeddable":true,"href":"http:\/\/inox-vertrieb.de\/en\/wp-json\/wp\/v2\/comments?post=1364"}],"wp:featuredmedia":[{"embeddable":true,"href":"http:\/\/inox-vertrieb.de\/en\/wp-json\/wp\/v2\/media\/1376"}],"wp:attachment":[{"href":"http:\/\/inox-vertrieb.de\/en\/wp-json\/wp\/v2\/media?parent=1364"}],"wp:term":[{"taxonomy":"product_brand","embeddable":true,"href":"http:\/\/inox-vertrieb.de\/en\/wp-json\/wp\/v2\/product_brand?post=1364"},{"taxonomy":"product_cat","embeddable":true,"href":"http:\/\/inox-vertrieb.de\/en\/wp-json\/wp\/v2\/product_cat?post=1364"},{"taxonomy":"product_tag","embeddable":true,"href":"http:\/\/inox-vertrieb.de\/en\/wp-json\/wp\/v2\/product_tag?post=1364"}],"curies":[{"name":"wp","href":"https:\/\/api.w.org\/{rel}","templated":true}]}}