{"id":1167,"date":"2025-07-14T14:53:28","date_gmt":"2025-07-14T14:53:28","guid":{"rendered":"https:\/\/pakhelper.com\/inox\/?post_type=product&#038;p=1167"},"modified":"2025-07-15T15:08:46","modified_gmt":"2025-07-15T15:08:46","slug":"inox-cons-g40","status":"publish","type":"product","link":"http:\/\/inox-vertrieb.de\/en\/product\/inox-cons-g40\/","title":{"rendered":"INOX CONS G40"},"content":{"rendered":"<p data-start=\"72\" data-end=\"97\"><strong data-start=\"72\" data-end=\"97\">INOX COOLANT CONS G40<\/strong><\/p>\n<p data-start=\"99\" data-end=\"551\"><strong data-start=\"99\" data-end=\"116\">EIGENSCHAFTEN<\/strong><br data-start=\"116\" data-end=\"119\" \/>INOX COOLANT CONS G40 ist ein Premium-K\u00fchlerschutz auf Ethylenglykol-Basis mit hochwirksamen Inhibitoren aus der Kombination von OAT- und Silikattechnologie (Si-OAT). Leistungsstarke Additive sorgen f\u00fcr maximale Lebensdauer und optimalen Schutz aller metallischen Motorkomponenten \u2013 auch unter extremen Bedingungen. Das Produkt ist frei von Nitrit, Amin, Phosphat und Borat und greift weder Schl\u00e4uche noch Zylinderkopfdichtungen an.<\/p>\n<p data-start=\"553\" data-end=\"1154\"><strong data-start=\"553\" data-end=\"572\">EINSATZHINWEISE<\/strong><br data-start=\"572\" data-end=\"575\" \/>Gemischt mit destilliertem Wasser wird INOX COOLANT CONS G40 als K\u00fchl- und W\u00e4rme\u00fcbertragungsmedium in modernen Verbrennungsmotoren verwendet \u2013 unabh\u00e4ngig vom Material (Gusseisen, Aluminium oder Mischbauweise) und auch in K\u00fchlsystemen mit Aluminium- oder Kupferlegierungen. Besonders empfohlen f\u00fcr High-Tech-Motoren mit erh\u00f6htem Hochtemperatur-Aluminiumschutzbedarf.<br data-start=\"940\" data-end=\"943\" \/><strong data-start=\"943\" data-end=\"972\">Empfohlene Konzentration:<\/strong> 50 Vol.%<br data-start=\"981\" data-end=\"984\" \/><strong data-start=\"984\" data-end=\"1009\">Mindestkonzentration:<\/strong> 33 Vol.%<br data-start=\"1018\" data-end=\"1021\" \/><strong data-start=\"1021\" data-end=\"1033\">Wichtig:<\/strong> Keine Mischung mit anderen K\u00fchlerschutzmitteln oder Produkten anderer Hersteller empfohlen. Herstellervorgaben beachten.<\/p>\n<p data-start=\"1156\" data-end=\"1251\"><strong data-start=\"1156\" data-end=\"1196\">LEISTUNGSSTANDARDS \/ SPEZIFIKATIONEN<\/strong><br data-start=\"1196\" data-end=\"1199\" \/>\u2022 AS 2108-2004<br data-start=\"1213\" data-end=\"1216\" \/>\u2022 ASTM D 3306, D 4985<br data-start=\"1237\" data-end=\"1240\" \/>\u2022 SAE J1034<\/p>\n<p data-start=\"1253\" data-end=\"1475\"><strong data-start=\"1253\" data-end=\"1279\">HERSTELLEREMPFEHLUNGEN<\/strong><br data-start=\"1279\" data-end=\"1282\" \/>\u2022 VW TL 774 G<br data-start=\"1295\" data-end=\"1298\" \/>\u2022 MB 325.5 \/ 325.6<br data-start=\"1316\" data-end=\"1319\" \/>\u2022 MAN 324 Typ Si-OAT<br data-start=\"1339\" data-end=\"1342\" \/>\u2022 Audi<br data-start=\"1348\" data-end=\"1351\" \/>\u2022 Bentley<br data-start=\"1360\" data-end=\"1363\" data-is-only-node=\"\" \/>\u2022 Bugatti<br data-start=\"1372\" data-end=\"1375\" \/>\u2022 Lamborghini<br data-start=\"1388\" data-end=\"1391\" \/>\u2022 SEAT<br data-start=\"1397\" data-end=\"1400\" \/>\u2022 \u0160koda<br data-start=\"1407\" data-end=\"1410\" \/>\u2022 Porsche (ab Bj. 1996)<br data-start=\"1433\" data-end=\"1436\" \/>\u2022 Cummins CES 14603<br data-start=\"1455\" data-end=\"1458\" \/>\u2022 Deutz DQC CC-14<\/p>","protected":false},"excerpt":{"rendered":"<p>INOX COOLANT CONS G40 EIGENSCHAFTENINOX COOLANT CONS G40 ist ein Premium-K\u00fchlerschutz auf Ethylenglykol-Basis mit hochwirksamen Inhibitoren aus der Kombination von OAT- und Silikattechnologie (Si-OAT). Leistungsstarke Additive sorgen f\u00fcr maximale Lebensdauer und optimalen Schutz aller metallischen Motorkomponenten \u2013 auch unter extremen Bedingungen. Das Produkt ist frei von Nitrit, Amin, Phosphat und Borat und greift weder Schl\u00e4uche [&hellip;]<\/p>","protected":false},"featured_media":1204,"comment_status":"open","ping_status":"closed","template":"","meta":[],"product_brand":[],"product_cat":[43],"product_tag":[],"class_list":{"0":"post-1167","1":"product","2":"type-product","3":"status-publish","4":"has-post-thumbnail","6":"product_cat-kuehlerfrostschutz","8":"first","9":"instock","10":"shipping-taxable","11":"product-type-simple"},"_links":{"self":[{"href":"http:\/\/inox-vertrieb.de\/en\/wp-json\/wp\/v2\/product\/1167","targetHints":{"allow":["GET"]}}],"collection":[{"href":"http:\/\/inox-vertrieb.de\/en\/wp-json\/wp\/v2\/product"}],"about":[{"href":"http:\/\/inox-vertrieb.de\/en\/wp-json\/wp\/v2\/types\/product"}],"replies":[{"embeddable":true,"href":"http:\/\/inox-vertrieb.de\/en\/wp-json\/wp\/v2\/comments?post=1167"}],"wp:featuredmedia":[{"embeddable":true,"href":"http:\/\/inox-vertrieb.de\/en\/wp-json\/wp\/v2\/media\/1204"}],"wp:attachment":[{"href":"http:\/\/inox-vertrieb.de\/en\/wp-json\/wp\/v2\/media?parent=1167"}],"wp:term":[{"taxonomy":"product_brand","embeddable":true,"href":"http:\/\/inox-vertrieb.de\/en\/wp-json\/wp\/v2\/product_brand?post=1167"},{"taxonomy":"product_cat","embeddable":true,"href":"http:\/\/inox-vertrieb.de\/en\/wp-json\/wp\/v2\/product_cat?post=1167"},{"taxonomy":"product_tag","embeddable":true,"href":"http:\/\/inox-vertrieb.de\/en\/wp-json\/wp\/v2\/product_tag?post=1167"}],"curies":[{"name":"wp","href":"https:\/\/api.w.org\/{rel}","templated":true}]}}