{"id":1165,"date":"2025-07-14T14:42:29","date_gmt":"2025-07-14T14:42:29","guid":{"rendered":"https:\/\/pakhelper.com\/inox\/?post_type=product&#038;p=1165"},"modified":"2025-07-15T15:01:47","modified_gmt":"2025-07-15T15:01:47","slug":"inox-cons-g30","status":"publish","type":"product","link":"http:\/\/inox-vertrieb.de\/en\/product\/inox-cons-g30\/","title":{"rendered":"INOX CONS G30"},"content":{"rendered":"<p data-start=\"72\" data-end=\"97\"><strong data-start=\"72\" data-end=\"97\">INOX COOLANT CONS G30<\/strong><\/p>\n<p data-start=\"99\" data-end=\"689\"><strong data-start=\"99\" data-end=\"116\">EIGENSCHAFTEN<\/strong><br data-start=\"116\" data-end=\"119\" \/>INOX COOLANT CONS G30 ist ein moderner Hochleistungs-K\u00fchlerfrostschutz auf Basis von Ethylenglykol \u2013 frei von Nitriten, Aminen, Boraten und Phosphaten. Die silikatfreie Karboxyls\u00e4ure-Technologie kombiniert sehr stabile Inhibitoren f\u00fcr einen langfristigen Schutz vor Korrosion und Kavitationssch\u00e4den. Zus\u00e4tzliche Additive verhindern Schaumbildung und Ablagerungen im K\u00fchlsystem. INOX COOLANT CONS G30 bietet einen ganzj\u00e4hrigen, wartungsfreien Frost- und Korrosionsschutz \u00fcber die gesamte Motorlebensdauer hinweg \u2013 ohne negative Auswirkungen auf Dichtungen oder Schl\u00e4uche.<\/p>\n<p data-start=\"691\" data-end=\"1125\"><strong data-start=\"691\" data-end=\"710\">EINSATZHINWEISE<\/strong><br data-start=\"710\" data-end=\"713\" \/>Gemischt mit der passenden Menge destilliertem Wasser eignet sich INOX COOLANT CONS G30 als K\u00fchl- und W\u00e4rme\u00fcbertragungsmedium in modernen Verbrennungsmotoren \u2013 unabh\u00e4ngig vom Material (Gusseisen, Aluminium oder Mischbauweise). Besonders empfohlen f\u00fcr Leichtmetallmotoren mit hohem thermischem Belastungsprofil.<br data-start=\"1023\" data-end=\"1026\" \/>Empfohlene Einsatzkonzentration: 50 Vol.%<br data-start=\"1067\" data-end=\"1070\" \/><strong data-start=\"1070\" data-end=\"1082\">Hinweis:<\/strong> Herstellervorschriften unbedingt beachten.<\/p>\n<p data-start=\"1127\" data-end=\"1357\"><strong data-start=\"1127\" data-end=\"1167\">LEISTUNGSSTANDARDS \/ SPEZIFIKATIONEN<\/strong><br data-start=\"1167\" data-end=\"1170\" \/>\u2022 AS 2108-2004<br data-start=\"1184\" data-end=\"1187\" \/>\u2022 ASTM D 3306, 4985<br data-start=\"1206\" data-end=\"1209\" \/>\u2022 BS 6580:2010<br data-start=\"1223\" data-end=\"1226\" \/>\u2022 CUNA NC 956-16<br data-start=\"1242\" data-end=\"1245\" \/>\u2022 AFNOR NFR 15-601<br data-start=\"1263\" data-end=\"1266\" \/>\u2022 JIS K 2234:2006<br data-start=\"1283\" data-end=\"1286\" \/>\u2022 SAE J1034<br data-start=\"1297\" data-end=\"1300\" \/>\u2022 \u00d6NORM V 5123<br data-start=\"1314\" data-end=\"1317\" \/>\u2022 SANS 1251:2005<br data-start=\"1333\" data-end=\"1336\" \/>\u2022 China GB 29743-2013<\/p>\n<p data-start=\"1359\" data-end=\"1588\"><strong data-start=\"1359\" data-end=\"1385\">HERSTELLEREMPFEHLUNGEN<\/strong><br data-start=\"1385\" data-end=\"1388\" \/>\u2022 Deutz DQC CB-14<br data-start=\"1405\" data-end=\"1408\" \/>\u2022 MAN 324 SNF<br data-start=\"1421\" data-end=\"1424\" \/>\u2022 MB-Freigabe 325.3<br data-start=\"1443\" data-end=\"1446\" \/>\u2022 MTU MTL 5048<br data-start=\"1460\" data-end=\"1463\" \/>\u2022 VW TL 774 D\/F<br data-start=\"1478\" data-end=\"1481\" \/>\u2022 Audi, Bentley, Ferrari (&gt;2010), Lamborghini, Porsche, Seat, Skoda, Setra, Mini BMW LC-07, DAF MAT 74002<\/p>\n<p data-start=\"1590\" data-end=\"1743\"><strong data-start=\"1590\" data-end=\"1608\">KOMPATIBEL MIT<\/strong><br data-start=\"1608\" data-end=\"1611\" \/>Chevrolet, Citro\u00ebn, Honda, Hyundai, Jaguar, Kia, Land Rover, Mazda, Mitsubishi, Nissan, Opel, Peugeot, Renault, Saab, Suzuki, Toyota<\/p>","protected":false},"excerpt":{"rendered":"<p>INOX COOLANT CONS G30 EIGENSCHAFTENINOX COOLANT CONS G30 ist ein moderner Hochleistungs-K\u00fchlerfrostschutz auf Basis von Ethylenglykol \u2013 frei von Nitriten, Aminen, Boraten und Phosphaten. Die silikatfreie Karboxyls\u00e4ure-Technologie kombiniert sehr stabile Inhibitoren f\u00fcr einen langfristigen Schutz vor Korrosion und Kavitationssch\u00e4den. Zus\u00e4tzliche Additive verhindern Schaumbildung und Ablagerungen im K\u00fchlsystem. INOX COOLANT CONS G30 bietet einen ganzj\u00e4hrigen, wartungsfreien [&hellip;]<\/p>","protected":false},"featured_media":1200,"comment_status":"open","ping_status":"closed","template":"","meta":[],"product_brand":[],"product_cat":[43],"product_tag":[],"class_list":{"0":"post-1165","1":"product","2":"type-product","3":"status-publish","4":"has-post-thumbnail","6":"product_cat-kuehlerfrostschutz","8":"first","9":"instock","10":"shipping-taxable","11":"product-type-simple"},"_links":{"self":[{"href":"http:\/\/inox-vertrieb.de\/en\/wp-json\/wp\/v2\/product\/1165","targetHints":{"allow":["GET"]}}],"collection":[{"href":"http:\/\/inox-vertrieb.de\/en\/wp-json\/wp\/v2\/product"}],"about":[{"href":"http:\/\/inox-vertrieb.de\/en\/wp-json\/wp\/v2\/types\/product"}],"replies":[{"embeddable":true,"href":"http:\/\/inox-vertrieb.de\/en\/wp-json\/wp\/v2\/comments?post=1165"}],"wp:featuredmedia":[{"embeddable":true,"href":"http:\/\/inox-vertrieb.de\/en\/wp-json\/wp\/v2\/media\/1200"}],"wp:attachment":[{"href":"http:\/\/inox-vertrieb.de\/en\/wp-json\/wp\/v2\/media?parent=1165"}],"wp:term":[{"taxonomy":"product_brand","embeddable":true,"href":"http:\/\/inox-vertrieb.de\/en\/wp-json\/wp\/v2\/product_brand?post=1165"},{"taxonomy":"product_cat","embeddable":true,"href":"http:\/\/inox-vertrieb.de\/en\/wp-json\/wp\/v2\/product_cat?post=1165"},{"taxonomy":"product_tag","embeddable":true,"href":"http:\/\/inox-vertrieb.de\/en\/wp-json\/wp\/v2\/product_tag?post=1165"}],"curies":[{"name":"wp","href":"https:\/\/api.w.org\/{rel}","templated":true}]}}