{"id":1147,"date":"2025-07-14T13:45:52","date_gmt":"2025-07-14T13:45:52","guid":{"rendered":"https:\/\/pakhelper.com\/inox\/?post_type=product&#038;p=1147"},"modified":"2025-07-15T14:55:42","modified_gmt":"2025-07-15T14:55:42","slug":"inox-cons-g11","status":"publish","type":"product","link":"http:\/\/inox-vertrieb.de\/en\/product\/inox-cons-g11\/","title":{"rendered":"INOX CONS G11"},"content":{"rendered":"<p data-start=\"86\" data-end=\"111\"><strong data-start=\"86\" data-end=\"111\">INOX COOLANT CONS G11<\/strong><\/p>\n<p data-start=\"113\" data-end=\"574\"><strong data-start=\"113\" data-end=\"130\">EIGENSCHAFTEN<\/strong><br data-start=\"130\" data-end=\"133\" \/>INOX COOLANT CONS G11 ist ein zuverl\u00e4ssiges und kosteneffizientes K\u00fchlerfrostschutz- und Korrosionsschutzkonzentrat f\u00fcr wassergek\u00fchlte Fahrzeugmotoren. Es ist frei von Nitrit, Amin und Phosphat. INOX COOLANT CONS G11 bietet ganzj\u00e4hrigen Schutz vor Frost und Korrosion und gew\u00e4hrleistet so einen st\u00f6rungsfreien Motorbetrieb. Das Produkt ist vertr\u00e4glich mit K\u00fchlmittelschl\u00e4uchen und Zylinderkopfdichtungen und verursacht keine Materialsch\u00e4den.<\/p>\n<p data-start=\"576\" data-end=\"1096\"><strong data-start=\"576\" data-end=\"595\">EINSATZHINWEISE<\/strong><br data-start=\"595\" data-end=\"598\" \/>INOX COOLANT CONS G11 \u2013 gemischt mit der passenden Menge destilliertem Wasser \u2013 dient als K\u00fchl- und W\u00e4rme\u00fcbertragungsmedium in modernen Verbrennungsmotoren, unabh\u00e4ngig davon, ob diese aus Gusseisen, Aluminium oder Mischbauweise bestehen. Besonders empfohlen wird der Einsatz in Leichtmetallmotoren, bei denen erh\u00f6hter Aluminiumschutz bei hohen Temperaturen erforderlich ist. Eine Konzentration von 50 Vol.% wird f\u00fcr den ganzj\u00e4hrigen Einsatz empfohlen. Herstellervorgaben sind unbedingt zu beachten.<\/p>\n<p data-start=\"1098\" data-end=\"1157\"><strong data-start=\"1098\" data-end=\"1120\">LEISTUNGSSTANDARDS<\/strong><br data-start=\"1120\" data-end=\"1123\" \/>Erf\u00fcllt die Anforderungen gem\u00e4\u00df:<\/p>\n<ul data-start=\"1158\" data-end=\"1186\">\n<li data-start=\"1158\" data-end=\"1173\">\n<p data-start=\"1160\" data-end=\"1173\">ASTM D 3306<\/p>\n<\/li>\n<li data-start=\"1174\" data-end=\"1186\">\n<p data-start=\"1176\" data-end=\"1186\">SAE J 1034<\/p>\n<\/li>\n<\/ul>","protected":false},"excerpt":{"rendered":"<p>INOX COOLANT CONS G11 EIGENSCHAFTENINOX COOLANT CONS G11 ist ein zuverl\u00e4ssiges und kosteneffizientes K\u00fchlerfrostschutz- und Korrosionsschutzkonzentrat f\u00fcr wassergek\u00fchlte Fahrzeugmotoren. Es ist frei von Nitrit, Amin und Phosphat. INOX COOLANT CONS G11 bietet ganzj\u00e4hrigen Schutz vor Frost und Korrosion und gew\u00e4hrleistet so einen st\u00f6rungsfreien Motorbetrieb. Das Produkt ist vertr\u00e4glich mit K\u00fchlmittelschl\u00e4uchen und Zylinderkopfdichtungen und verursacht keine [&hellip;]<\/p>","protected":false},"featured_media":1195,"comment_status":"open","ping_status":"closed","template":"","meta":[],"product_brand":[],"product_cat":[19],"product_tag":[],"class_list":{"0":"post-1147","1":"product","2":"type-product","3":"status-publish","4":"has-post-thumbnail","6":"product_cat-uncategorized","8":"first","9":"instock","10":"shipping-taxable","11":"product-type-simple"},"_links":{"self":[{"href":"http:\/\/inox-vertrieb.de\/en\/wp-json\/wp\/v2\/product\/1147","targetHints":{"allow":["GET"]}}],"collection":[{"href":"http:\/\/inox-vertrieb.de\/en\/wp-json\/wp\/v2\/product"}],"about":[{"href":"http:\/\/inox-vertrieb.de\/en\/wp-json\/wp\/v2\/types\/product"}],"replies":[{"embeddable":true,"href":"http:\/\/inox-vertrieb.de\/en\/wp-json\/wp\/v2\/comments?post=1147"}],"wp:featuredmedia":[{"embeddable":true,"href":"http:\/\/inox-vertrieb.de\/en\/wp-json\/wp\/v2\/media\/1195"}],"wp:attachment":[{"href":"http:\/\/inox-vertrieb.de\/en\/wp-json\/wp\/v2\/media?parent=1147"}],"wp:term":[{"taxonomy":"product_brand","embeddable":true,"href":"http:\/\/inox-vertrieb.de\/en\/wp-json\/wp\/v2\/product_brand?post=1147"},{"taxonomy":"product_cat","embeddable":true,"href":"http:\/\/inox-vertrieb.de\/en\/wp-json\/wp\/v2\/product_cat?post=1147"},{"taxonomy":"product_tag","embeddable":true,"href":"http:\/\/inox-vertrieb.de\/en\/wp-json\/wp\/v2\/product_tag?post=1147"}],"curies":[{"name":"wp","href":"https:\/\/api.w.org\/{rel}","templated":true}]}}